{"id":8543,"date":"2022-11-10T06:06:07","date_gmt":"2022-11-10T06:06:07","guid":{"rendered":"https:\/\/auronovophysio.com\/?page_id=8543"},"modified":"2025-03-07T16:23:01","modified_gmt":"2025-03-07T16:23:01","slug":"telerehab-telehealth-services","status":"publish","type":"page","link":"https:\/\/auronovophysio.com\/es\/telerehab-telehealth-services\/","title":{"rendered":"Servicios de telerehabilitaci\u00f3n\/telesalud"},"content":{"rendered":"<div data-elementor-type=\"wp-page\" data-elementor-id=\"8543\" class=\"elementor elementor-8543\">\n\t\t\t\t\t\t<section class=\"elementor-section elementor-top-section elementor-element elementor-element-0dd8172 elementor-section-boxed elementor-section-height-default elementor-section-height-default\" data-id=\"0dd8172\" data-element_type=\"section\" data-e-type=\"section\">\n\t\t\t\t\t\t<div class=\"elementor-container elementor-column-gap-extended\">\n\t\t\t\t\t<div class=\"elementor-column elementor-col-100 elementor-top-column elementor-element elementor-element-109390b\" data-id=\"109390b\" data-element_type=\"column\" data-e-type=\"column\">\n\t\t\t<div class=\"elementor-widget-wrap elementor-element-populated\">\n\t\t\t\t\t\t<section class=\"elementor-section elementor-inner-section elementor-element elementor-element-0e3abac elementor-section-boxed elementor-section-height-default elementor-section-height-default\" data-id=\"0e3abac\" data-element_type=\"section\" data-e-type=\"section\">\n\t\t\t\t\t\t<div class=\"elementor-container elementor-column-gap-default\">\n\t\t\t\t\t<div class=\"elementor-column elementor-col-50 elementor-inner-column elementor-element elementor-element-4b537e1\" data-id=\"4b537e1\" data-element_type=\"column\" data-e-type=\"column\">\n\t\t\t<div class=\"elementor-widget-wrap elementor-element-populated\">\n\t\t\t\t\t\t<div class=\"elementor-element elementor-element-e196142 elementor-widget elementor-widget-image\" data-id=\"e196142\" data-element_type=\"widget\" data-e-type=\"widget\" data-widget_type=\"image.default\">\n\t\t\t\t<div class=\"elementor-widget-container\">\n\t\t\t\t\t\t\t\t\t\t\t\t\t\t\t<img fetchpriority=\"high\" decoding=\"async\" width=\"600\" height=\"400\" src=\"https:\/\/auronovophysio.com\/wp-content\/uploads\/2022\/11\/Telerehabilitation-1.jpg\" class=\"attachment-woocommerce_single size-woocommerce_single wp-image-8672\" alt=\"\" srcset=\"https:\/\/auronovophysio.com\/wp-content\/uploads\/2022\/11\/Telerehabilitation-1.jpg 600w, https:\/\/auronovophysio.com\/wp-content\/uploads\/2022\/11\/Telerehabilitation-1-300x200.jpg 300w, https:\/\/auronovophysio.com\/wp-content\/uploads\/2022\/11\/Telerehabilitation-1-360x240.jpg 360w\" sizes=\"(max-width: 600px) 100vw, 600px\" title=\"Telerehabilitation-1 - Auronovo Physical Therapy &amp; Rehabilitation.\" \/>\t\t\t\t\t\t\t\t\t\t\t\t\t\t\t<\/div>\n\t\t\t\t<\/div>\n\t\t\t\t\t<\/div>\n\t\t<\/div>\n\t\t\t\t<div class=\"elementor-column elementor-col-50 elementor-inner-column elementor-element elementor-element-ae409c4\" data-id=\"ae409c4\" data-element_type=\"column\" data-e-type=\"column\">\n\t\t\t<div class=\"elementor-widget-wrap elementor-element-populated\">\n\t\t\t\t\t\t<div class=\"elementor-element elementor-element-fbc3ef1 elementor-widget elementor-widget-qt-custom-heading\" data-id=\"fbc3ef1\" data-element_type=\"widget\" data-e-type=\"widget\" data-widget_type=\"qt-custom-heading.default\">\n\t\t\t\t<div class=\"elementor-widget-container\">\n\t\t\t\t\t            <div class=\"custom-heading\">\n                <h2 class=\"widget-title\"><span class=\"normal\">Nuestro<\/span> Servicios de telerehabilitaci\u00f3n<\/h2>\n            <\/div>\n        \t\t\t\t<\/div>\n\t\t\t\t<\/div>\n\t\t\t\t<div class=\"elementor-element elementor-element-01d5648 elementor-widget elementor-widget-text-editor\" data-id=\"01d5648\" data-element_type=\"widget\" data-e-type=\"widget\" data-widget_type=\"text-editor.default\">\n\t\t\t\t<div class=\"elementor-widget-container\">\n\t\t\t\t\t\t\t\t\t<p>Our telerehab platform allows our team of rehabilitation professionals to assess, treat, educate, and monitor our patients progress virtually through the use of information and video technologies. You can connect remotely with your <a href=\"https:\/\/auronovophysio.com\/es\/\"><strong>Therapist<\/strong><\/a> from the comfort of your home or office for busy professionals and home care givers. Pain management, motor strengthening exercises, goal settings and other rehabilitation experiences can be dealt with through virtual interactions with our rehabilitation team. Our telerehab can be in a one-to-one or group sessions depending on your needs. Group sessions are often recommended for people with similar conditions or in a similar stage of their recovery for peer support.<\/p>\t\t\t\t\t\t\t\t<\/div>\n\t\t\t\t<\/div>\n\t\t\t\t<div class=\"elementor-element elementor-element-7ed5786 elementor-widget elementor-widget-text-editor\" data-id=\"7ed5786\" data-element_type=\"widget\" data-e-type=\"widget\" data-widget_type=\"text-editor.default\">\n\t\t\t\t<div class=\"elementor-widget-container\">\n\t\t\t\t\t\t\t\t\t<p>You don&#8217;t have to be on the waitlist for the care you urgently need. Call us today for your individualized assessment and treatment with one of our <a href=\"https:\/\/www.physio-pedia.com\/Rehabilitation_Team_Members\"><strong>Rehabilitation professionals<\/strong><\/a>.<\/p>\t\t\t\t\t\t\t\t<\/div>\n\t\t\t\t<\/div>\n\t\t\t\t\t<\/div>\n\t\t<\/div>\n\t\t\t\t\t<\/div>\n\t\t<\/section>\n\t\t\t\t\t<\/div>\n\t\t<\/div>\n\t\t\t\t\t<\/div>\n\t\t<\/section>\n\t\t\t\t<section class=\"elementor-section elementor-top-section elementor-element elementor-element-22f20e6 elementor-section-full_width elementor-section-stretched elementor-section-height-default elementor-section-height-default\" data-id=\"22f20e6\" data-element_type=\"section\" data-e-type=\"section\" data-settings=\"{&quot;stretch_section&quot;:&quot;section-stretched&quot;}\">\n\t\t\t\t\t\t<div class=\"elementor-container elementor-column-gap-no\">\n\t\t\t\t\t<div class=\"elementor-column elementor-col-100 elementor-top-column elementor-element elementor-element-9918e00\" data-id=\"9918e00\" data-element_type=\"column\" data-e-type=\"column\">\n\t\t\t<div class=\"elementor-widget-wrap elementor-element-populated\">\n\t\t\t\t\t\t<div class=\"elementor-element elementor-element-45fb9ff elementor-align-center elementor-widget elementor-widget-qt-call-to-action\" data-id=\"45fb9ff\" data-element_type=\"widget\" data-e-type=\"widget\" data-widget_type=\"qt-call-to-action.default\">\n\t\t\t\t<div class=\"elementor-widget-container\">\n\t\t\t\t\t\n        <div class=\"call-to-action cta-block\">\n            <div class=\"call-to-action--content\">\n                                    <h3 class=\"call-to-action--title\">No importa si su condici\u00f3n fue causada por un deporte, trabajo <br \/>\naccidente o de otra manera, agradecemos la oportunidad de servirle.<\/h3>\n                            <\/div>\n                            <div class=\"call-to-action--buttons\">\n                    <a href=\"https:\/\/auronovophysio.com\/es\/book-appointment\/\" class=\"btn btn-outline\">Agendar una cita de trabajo<\/a>\n                <\/div>\n                    <\/div>\n        \n    \t\t\t\t<\/div>\n\t\t\t\t<\/div>\n\t\t\t\t\t<\/div>\n\t\t<\/div>\n\t\t\t\t\t<\/div>\n\t\t<\/section>\n\t\t\t\t<section class=\"elementor-section elementor-top-section elementor-element elementor-element-0d9877e elementor-section-stretched elementor-section-boxed elementor-section-height-default elementor-section-height-default\" data-id=\"0d9877e\" data-element_type=\"section\" data-e-type=\"section\" data-settings=\"{&quot;stretch_section&quot;:&quot;section-stretched&quot;,&quot;background_background&quot;:&quot;classic&quot;}\">\n\t\t\t\t\t\t<div class=\"elementor-container elementor-column-gap-extended\">\n\t\t\t\t\t<div class=\"elementor-column elementor-col-100 elementor-top-column elementor-element elementor-element-0f28048\" data-id=\"0f28048\" data-element_type=\"column\" data-e-type=\"column\">\n\t\t\t<div class=\"elementor-widget-wrap elementor-element-populated\">\n\t\t\t\t\t\t<div class=\"elementor-element elementor-element-af2eb95 elementor-widget elementor-widget-qt-testimonial-carousel\" data-id=\"af2eb95\" data-element_type=\"widget\" data-e-type=\"widget\" data-widget_type=\"qt-testimonial-carousel.default\">\n\t\t\t\t<div class=\"elementor-widget-container\">\n\t\t\t\t\t\n        <div class=\"testimonials\">\n\n                            <h2 class=\"widget-title\">\n                    <span class=\"normal\">Cliente<\/span> Testimonios                <\/h2>\n            \n                            <div class=\"testimonial-controls\">\n                    <a class=\"left testimonial-control\" href=\"#testimonials-carousel-af2eb95\" role=\"button\" aria-label=\"Previous\" data-slide=\"prev\">\n                        <i class=\"fas fa-angle-left\" aria-hidden=\"true\"><\/i>\n                    <\/a>\n                    <a class=\"right testimonial-control\" href=\"#testimonials-carousel-af2eb95\" role=\"button\" aria-label=\"Previous\" data-slide=\"next\">\n                        <i class=\"fas fa-angle-right\" aria-hidden=\"true\"><\/i>\n                    <\/a>\n                <\/div>\n                        \n            <div id=\"testimonials-carousel-af2eb95\" class=\"testimonial-carousel carousel-touch carousel slide carousel-touch text-left\" >\n                <div class=\"carousel-inner\">\n                    <div class=\"item active\">\n                        <div class=\"row\">\n                            \n                                                                                                    <div class=\"col-xs-12 col-sm-6 col-md-6\">\n                                        <blockquote class=\"testimonial--quote\">\n                                            \u00a1Mi fisioterapeuta es excelente! Toda la oficina es muy amable y servicial. Physio es absolutamente excepcional. Muchas gracias por su excelente y atento servicio.                                        <\/blockquote>\n                                        <div class=\"testimonial-person\">\n                                                                                            <cite class=\"testimonial--author\">jennifer ebron<\/cite>\n                                                                                                                                        <span class=\"testimonial--description\">Tratamiento del dolor de cuello<\/span>\n                                                                                    <\/div>\n                                    <\/div>\n                                                                                                            <div class=\"col-xs-12 col-sm-6 col-md-6\">\n                                        <blockquote class=\"testimonial--quote\">\n                                            \u00a1Todo el personal fue fant\u00e1stico! La atenci\u00f3n que recib\u00ed fue impecable. \u00a1Gran lugar! Tambi\u00e9n me encanta la disponibilidad del Fit Plan para apoyo continuo despu\u00e9s de mi alta.                                        <\/blockquote>\n                                        <div class=\"testimonial-person\">\n                                                                                            <cite class=\"testimonial--author\">cristobal strock<\/cite>\n                                                                                                                                        <span class=\"testimonial--description\">Tratamiento del dolor de espalda<\/span>\n                                                                                    <\/div>\n                                    <\/div>\n                                                                        <\/div><\/div><div class=\"item\"><div class=\"row\">                                    <div class=\"col-xs-12 col-sm-6 col-md-6\">\n                                        <blockquote class=\"testimonial--quote\">\n                                            Todas las personas con las que trabaj\u00e9 fueron maravillosas, muy profesionales, atentas y r\u00e1pidas. \u00a1Mi terapeuta fue excelente, al igual que todas las ayudas!                                        <\/blockquote>\n                                        <div class=\"testimonial-person\">\n                                                                                            <cite class=\"testimonial--author\">juan blanco<\/cite>\n                                                                                                                                        <span class=\"testimonial--description\">Tratamiento de lesiones laborales<\/span>\n                                                                                    <\/div>\n                                    <\/div>\n                                                                                                            <div class=\"col-xs-12 col-sm-6 col-md-6\">\n                                        <blockquote class=\"testimonial--quote\">\n                                            Tuve una experiencia muy positiva y mi hombro es totalmente funcional de nuevo, \u00a1sin dolor! Realmente disfrut\u00e9 de mi terapeuta y de todo el resto del personal.                                        <\/blockquote>\n                                        <div class=\"testimonial-person\">\n                                                                                            <cite class=\"testimonial--author\">kimberly rogers<\/cite>\n                                                                                                                                        <span class=\"testimonial--description\">Tratamiento de lesiones deportivas<\/span>\n                                                                                    <\/div>\n                                    <\/div>\n                                    \n                        <\/div>\n                    <\/div>\n                <\/div>  \n            <\/div>\n        <\/div>\n\n            \t\t\t\t<\/div>\n\t\t\t\t<\/div>\n\t\t\t\t\t<\/div>\n\t\t<\/div>\n\t\t\t\t\t<\/div>\n\t\t<\/section>\n\t\t\t\t<section class=\"elementor-section elementor-top-section elementor-element elementor-element-9384e72 elementor-section-content-middle elementor-section-boxed elementor-section-height-default elementor-section-height-default\" data-id=\"9384e72\" data-element_type=\"section\" data-e-type=\"section\">\n\t\t\t\t\t\t<div class=\"elementor-container elementor-column-gap-no\">\n\t\t\t\t\t<div class=\"elementor-column elementor-col-50 elementor-top-column elementor-element elementor-element-d6d5a34\" data-id=\"d6d5a34\" data-element_type=\"column\" data-e-type=\"column\">\n\t\t\t<div class=\"elementor-widget-wrap elementor-element-populated\">\n\t\t\t\t\t\t<div class=\"elementor-element elementor-element-ec93b95 elementor-widget elementor-widget-qt-custom-heading\" data-id=\"ec93b95\" data-element_type=\"widget\" data-e-type=\"widget\" data-widget_type=\"qt-custom-heading.default\">\n\t\t\t\t<div class=\"elementor-widget-container\">\n\t\t\t\t\t            <div class=\"custom-heading\">\n                <h2 class=\"widget-title\"><span class=\"normal\">Directo<\/span> facturaci\u00f3n a varios seguros disponibles<\/h2>\n            <\/div>\n        \t\t\t\t<\/div>\n\t\t\t\t<\/div>\n\t\t\t\t\t<\/div>\n\t\t<\/div>\n\t\t\t\t<div class=\"elementor-column elementor-col-50 elementor-top-column elementor-element elementor-element-34d66a1\" data-id=\"34d66a1\" data-element_type=\"column\" data-e-type=\"column\">\n\t\t\t<div class=\"elementor-widget-wrap elementor-element-populated\">\n\t\t\t\t\t\t<div class=\"elementor-element elementor-element-bc6618c elementor-widget elementor-widget-image-carousel\" data-id=\"bc6618c\" data-element_type=\"widget\" data-e-type=\"widget\" data-settings=\"{&quot;navigation&quot;:&quot;none&quot;,&quot;lazyload&quot;:&quot;yes&quot;,&quot;image_spacing_custom&quot;:{&quot;unit&quot;:&quot;px&quot;,&quot;size&quot;:30,&quot;sizes&quot;:[]},&quot;autoplay&quot;:&quot;yes&quot;,&quot;pause_on_hover&quot;:&quot;yes&quot;,&quot;pause_on_interaction&quot;:&quot;yes&quot;,&quot;autoplay_speed&quot;:5000,&quot;infinite&quot;:&quot;yes&quot;,&quot;speed&quot;:500,&quot;image_spacing_custom_tablet&quot;:{&quot;unit&quot;:&quot;px&quot;,&quot;size&quot;:&quot;&quot;,&quot;sizes&quot;:[]},&quot;image_spacing_custom_mobile&quot;:{&quot;unit&quot;:&quot;px&quot;,&quot;size&quot;:&quot;&quot;,&quot;sizes&quot;:[]}}\" data-widget_type=\"image-carousel.default\">\n\t\t\t\t<div class=\"elementor-widget-container\">\n\t\t\t\t\t\t\t<div class=\"elementor-image-carousel-wrapper swiper\" role=\"region\" aria-roledescription=\"carousel\" aria-label=\"Image Carousel\" dir=\"ltr\">\n\t\t\t<div class=\"elementor-image-carousel swiper-wrapper\" aria-live=\"off\">\n\t\t\t\t\t\t\t\t<div class=\"swiper-slide\" role=\"group\" aria-roledescription=\"slide\" aria-label=\"1 of 7\"><figure class=\"swiper-slide-inner\"><img class=\"swiper-slide-image swiper-lazy\" data-src=\"https:\/\/auronovophysio.com\/wp-content\/uploads\/2022\/11\/testi-logo7-copy.png\" alt=\"testi-logo7 copy\" \/><div class=\"swiper-lazy-preloader\"><\/div><\/figure><\/div><div class=\"swiper-slide\" role=\"group\" aria-roledescription=\"slide\" aria-label=\"2 of 7\"><figure class=\"swiper-slide-inner\"><img class=\"swiper-slide-image swiper-lazy\" data-src=\"https:\/\/auronovophysio.com\/wp-content\/uploads\/2022\/11\/testi-logo6-copy.png\" alt=\"testi-logo6 copy\" \/><div class=\"swiper-lazy-preloader\"><\/div><\/figure><\/div><div class=\"swiper-slide\" role=\"group\" aria-roledescription=\"slide\" aria-label=\"3 of 7\"><figure class=\"swiper-slide-inner\"><img class=\"swiper-slide-image swiper-lazy\" data-src=\"https:\/\/auronovophysio.com\/wp-content\/uploads\/2022\/11\/testi-logo5-copy.png\" alt=\"testi-logo5 copy\" \/><div class=\"swiper-lazy-preloader\"><\/div><\/figure><\/div><div class=\"swiper-slide\" role=\"group\" aria-roledescription=\"slide\" aria-label=\"4 of 7\"><figure class=\"swiper-slide-inner\"><img class=\"swiper-slide-image swiper-lazy\" data-src=\"https:\/\/auronovophysio.com\/wp-content\/uploads\/2022\/11\/testi-logo4-copy.png\" alt=\"testi-logo4 copy\" \/><div class=\"swiper-lazy-preloader\"><\/div><\/figure><\/div><div class=\"swiper-slide\" role=\"group\" aria-roledescription=\"slide\" aria-label=\"5 of 7\"><figure class=\"swiper-slide-inner\"><img class=\"swiper-slide-image swiper-lazy\" data-src=\"https:\/\/auronovophysio.com\/wp-content\/uploads\/2022\/11\/testi-logo3-copy.png\" alt=\"testi-logo3 copy\" \/><div class=\"swiper-lazy-preloader\"><\/div><\/figure><\/div><div class=\"swiper-slide\" role=\"group\" aria-roledescription=\"slide\" aria-label=\"6 of 7\"><figure class=\"swiper-slide-inner\"><img class=\"swiper-slide-image swiper-lazy\" data-src=\"https:\/\/auronovophysio.com\/wp-content\/uploads\/2022\/11\/testi-logo2-copy.png\" alt=\"testi-logo2 copy\" \/><div class=\"swiper-lazy-preloader\"><\/div><\/figure><\/div><div class=\"swiper-slide\" role=\"group\" aria-roledescription=\"slide\" aria-label=\"7 of 7\"><figure class=\"swiper-slide-inner\"><img class=\"swiper-slide-image swiper-lazy\" data-src=\"https:\/\/auronovophysio.com\/wp-content\/uploads\/2022\/11\/testi-logo1-copy.png\" alt=\"testi-logo1 copy\" \/><div class=\"swiper-lazy-preloader\"><\/div><\/figure><\/div>\t\t\t<\/div>\n\t\t\t\t\t\t\t\n\t\t\t\t\t\t\t\t\t<\/div>\n\t\t\t\t\t\t<\/div>\n\t\t\t\t<\/div>\n\t\t\t\t\t<\/div>\n\t\t<\/div>\n\t\t\t\t\t<\/div>\n\t\t<\/section>\n\t\t\t\t<\/div>","protected":false},"excerpt":{"rendered":"<p>Our Telerehab Services Our telerehab platform allows our team of rehabilitation professionals to assess, treat, educate, and monitor our patients progress virtually through the use of information and video technologies. You can connect remotely with your Therapist from the comfort of your home or office for busy professionals and home care givers. Pain management, motor [&hellip;]<\/p>\n","protected":false},"author":1,"featured_media":0,"parent":0,"menu_order":0,"comment_status":"closed","ping_status":"closed","template":"","meta":{"om_disable_all_campaigns":false,"_monsterinsights_skip_tracking":false,"_monsterinsights_sitenote_active":false,"_monsterinsights_sitenote_note":"","_monsterinsights_sitenote_category":0,"footnotes":""},"class_list":["post-8543","page","type-page","status-publish","hentry"],"acf":[],"aioseo_notices":[],"_links":{"self":[{"href":"https:\/\/auronovophysio.com\/es\/wp-json\/wp\/v2\/pages\/8543","targetHints":{"allow":["GET"]}}],"collection":[{"href":"https:\/\/auronovophysio.com\/es\/wp-json\/wp\/v2\/pages"}],"about":[{"href":"https:\/\/auronovophysio.com\/es\/wp-json\/wp\/v2\/types\/page"}],"author":[{"embeddable":true,"href":"https:\/\/auronovophysio.com\/es\/wp-json\/wp\/v2\/users\/1"}],"replies":[{"embeddable":true,"href":"https:\/\/auronovophysio.com\/es\/wp-json\/wp\/v2\/comments?post=8543"}],"version-history":[{"count":18,"href":"https:\/\/auronovophysio.com\/es\/wp-json\/wp\/v2\/pages\/8543\/revisions"}],"predecessor-version":[{"id":8931,"href":"https:\/\/auronovophysio.com\/es\/wp-json\/wp\/v2\/pages\/8543\/revisions\/8931"}],"wp:attachment":[{"href":"https:\/\/auronovophysio.com\/es\/wp-json\/wp\/v2\/media?parent=8543"}],"curies":[{"name":"wp","href":"https:\/\/api.w.org\/{rel}","templated":true}]}}