{"id":8350,"date":"2022-11-06T21:35:26","date_gmt":"2022-11-06T21:35:26","guid":{"rendered":"https:\/\/auronovophysio.com\/?page_id=8350"},"modified":"2025-03-07T15:56:14","modified_gmt":"2025-03-07T15:56:14","slug":"work-solutions","status":"publish","type":"page","link":"https:\/\/auronovophysio.com\/es\/work-solutions\/","title":{"rendered":"Soluciones de trabajo"},"content":{"rendered":"<div data-elementor-type=\"wp-page\" data-elementor-id=\"8350\" class=\"elementor elementor-8350\">\n\t\t\t\t\t\t<section class=\"elementor-section elementor-top-section elementor-element elementor-element-3c89897 elementor-section-boxed elementor-section-height-default elementor-section-height-default\" data-id=\"3c89897\" data-element_type=\"section\" data-e-type=\"section\">\n\t\t\t\t\t\t<div class=\"elementor-container elementor-column-gap-default\">\n\t\t\t\t\t<div class=\"elementor-column elementor-col-100 elementor-top-column elementor-element elementor-element-618031b\" data-id=\"618031b\" data-element_type=\"column\" data-e-type=\"column\">\n\t\t\t<div class=\"elementor-widget-wrap elementor-element-populated\">\n\t\t\t\t\t\t<div class=\"elementor-element elementor-element-205ace4 elementor-widget elementor-widget-qt-custom-heading\" data-id=\"205ace4\" data-element_type=\"widget\" data-e-type=\"widget\" data-widget_type=\"qt-custom-heading.default\">\n\t\t\t\t<div class=\"elementor-widget-container\">\n\t\t\t\t\t            <div class=\"custom-heading\">\n                <h2 class=\"widget-title\"><span class=\"normal\">EL<\/span> 4 FASES DEL PROGRAMA DE SOLUCIONES DE TRABAJO DE AURONOVO<\/h2>\n            <\/div>\n        \t\t\t\t<\/div>\n\t\t\t\t<\/div>\n\t\t\t\t\t<\/div>\n\t\t<\/div>\n\t\t\t\t\t<\/div>\n\t\t<\/section>\n\t\t\t\t<section class=\"elementor-section elementor-top-section elementor-element elementor-element-8bbc8dd elementor-section-boxed elementor-section-height-default elementor-section-height-default\" data-id=\"8bbc8dd\" data-element_type=\"section\" data-e-type=\"section\">\n\t\t\t\t\t\t<div class=\"elementor-container elementor-column-gap-extended\">\n\t\t\t\t\t<div class=\"elementor-column elementor-col-50 elementor-top-column elementor-element elementor-element-4876d06\" data-id=\"4876d06\" data-element_type=\"column\" data-e-type=\"column\">\n\t\t\t<div class=\"elementor-widget-wrap elementor-element-populated\">\n\t\t\t\t\t\t<div class=\"elementor-element elementor-element-daf36c3 elementor-widget elementor-widget-text-editor\" data-id=\"daf36c3\" data-element_type=\"widget\" data-e-type=\"widget\" data-widget_type=\"text-editor.default\">\n\t\t\t\t<div class=\"elementor-widget-container\">\n\t\t\t\t\t\t\t\t\t<h4>Prevenci\u00f3n a trav\u00e9s de la educaci\u00f3n<\/h4><p>\u2022 We educate on <a href=\"https:\/\/en.wikipedia.org\/wiki\/Soft_tissue_injury\"><strong>injury<\/strong><\/a> prevention<br \/>\u2022 Instituimos una cultura de seguridad<br \/>\u2022 Brindamos un compromiso sostenido de la gerencia a los empleados<\/p>\t\t\t\t\t\t\t\t<\/div>\n\t\t\t\t<\/div>\n\t\t\t\t<div class=\"elementor-element elementor-element-6bee8d6 elementor-widget elementor-widget-text-editor\" data-id=\"6bee8d6\" data-element_type=\"widget\" data-e-type=\"widget\" data-widget_type=\"text-editor.default\">\n\t\t\t\t<div class=\"elementor-widget-container\">\n\t\t\t\t\t\t\t\t\t<h4>Intervenci\u00f3n r\u00e1pida<\/h4><p>\u2022 Brindamos una respuesta r\u00e1pida a las lesiones laborales<br \/>\u2022 Brindamos evaluaci\u00f3n y tratamiento r\u00e1pidos<br \/>\u2022 Lo que mantiene a los trabajadores en el trabajo<\/p>\t\t\t\t\t\t\t\t<\/div>\n\t\t\t\t<\/div>\n\t\t\t\t<div class=\"elementor-element elementor-element-786b5af elementor-widget elementor-widget-text-editor\" data-id=\"786b5af\" data-element_type=\"widget\" data-e-type=\"widget\" data-widget_type=\"text-editor.default\">\n\t\t\t\t<div class=\"elementor-widget-container\">\n\t\t\t\t\t\t\t\t\t<h4>Diagn\u00f3stico y tratamiento<\/h4><p>\u2022 Determinamos si la lesi\u00f3n requiere WCB<br \/>\u2022 Si no es as\u00ed, proporcionamos las herramientas para volver al trabajo<br \/>\u2022 Si es as\u00ed, hacemos el trabajo de configurar el reclamo WCB<\/p>\t\t\t\t\t\t\t\t<\/div>\n\t\t\t\t<\/div>\n\t\t\t\t<div class=\"elementor-element elementor-element-7d92f81 elementor-widget elementor-widget-text-editor\" data-id=\"7d92f81\" data-element_type=\"widget\" data-e-type=\"widget\" data-widget_type=\"text-editor.default\">\n\t\t\t\t<div class=\"elementor-widget-container\">\n\t\t\t\t\t\t\t\t\t<h4>Rehabilitaci\u00f3n y regreso al trabajo.<\/h4><p>\u2022 Brindamos tratamiento de rehabilitaci\u00f3n para que sus empleados vuelvan a trabajar<br \/>\u2022 Organizamos una reuni\u00f3n de planificaci\u00f3n de regreso al trabajo con todas las partes<br \/>\u2022 Con el objetivo final de un regreso al trabajo exitoso y seguro<\/p>\t\t\t\t\t\t\t\t<\/div>\n\t\t\t\t<\/div>\n\t\t\t\t\t<\/div>\n\t\t<\/div>\n\t\t\t\t<div class=\"elementor-column elementor-col-50 elementor-top-column elementor-element elementor-element-009d0b2\" data-id=\"009d0b2\" data-element_type=\"column\" data-e-type=\"column\">\n\t\t\t<div class=\"elementor-widget-wrap elementor-element-populated\">\n\t\t\t\t\t\t<div class=\"elementor-element elementor-element-603a9d9 elementor-widget elementor-widget-image\" data-id=\"603a9d9\" data-element_type=\"widget\" data-e-type=\"widget\" data-widget_type=\"image.default\">\n\t\t\t\t<div class=\"elementor-widget-container\">\n\t\t\t\t\t\t\t\t\t\t\t\t\t\t\t<img fetchpriority=\"high\" decoding=\"async\" width=\"544\" height=\"426\" src=\"https:\/\/auronovophysio.com\/wp-content\/uploads\/2022\/11\/work-1.png\" class=\"attachment-large size-large wp-image-8353\" alt=\"\" srcset=\"https:\/\/auronovophysio.com\/wp-content\/uploads\/2022\/11\/work-1.png 544w, https:\/\/auronovophysio.com\/wp-content\/uploads\/2022\/11\/work-1-300x235.png 300w\" sizes=\"(max-width: 544px) 100vw, 544px\" title=\"work-1 - Auronovo Physical Therapy &amp; Rehabilitation.\" \/>\t\t\t\t\t\t\t\t\t\t\t\t\t\t\t<\/div>\n\t\t\t\t<\/div>\n\t\t\t\t\t<\/div>\n\t\t<\/div>\n\t\t\t\t\t<\/div>\n\t\t<\/section>\n\t\t\t\t<section class=\"elementor-section elementor-top-section elementor-element elementor-element-f45a81e elementor-section-stretched elementor-section-boxed elementor-section-height-default elementor-section-height-default\" data-id=\"f45a81e\" data-element_type=\"section\" data-e-type=\"section\" data-settings=\"{&quot;stretch_section&quot;:&quot;section-stretched&quot;,&quot;background_background&quot;:&quot;classic&quot;}\">\n\t\t\t\t\t\t<div class=\"elementor-container elementor-column-gap-default\">\n\t\t\t\t\t<div class=\"elementor-column elementor-col-100 elementor-top-column elementor-element elementor-element-cc89b74\" data-id=\"cc89b74\" data-element_type=\"column\" data-e-type=\"column\">\n\t\t\t<div class=\"elementor-widget-wrap elementor-element-populated\">\n\t\t\t\t\t\t<div class=\"elementor-element elementor-element-0408767 elementor-align-center elementor-widget elementor-widget-qt-custom-heading\" data-id=\"0408767\" data-element_type=\"widget\" data-e-type=\"widget\" data-widget_type=\"qt-custom-heading.default\">\n\t\t\t\t<div class=\"elementor-widget-container\">\n\t\t\t\t\t            <div class=\"custom-heading\">\n                <h2 class=\"widget-title\"><span class=\"normal\">Eficaz<\/span> Soluciones in situ<\/h2>\n            <\/div>\n        \t\t\t\t<\/div>\n\t\t\t\t<\/div>\n\t\t\t\t\t<\/div>\n\t\t<\/div>\n\t\t\t\t\t<\/div>\n\t\t<\/section>\n\t\t\t\t<section class=\"elementor-section elementor-top-section elementor-element elementor-element-c19a19a elementor-section-stretched elementor-section-boxed elementor-section-height-default elementor-section-height-default\" data-id=\"c19a19a\" data-element_type=\"section\" data-e-type=\"section\" data-settings=\"{&quot;stretch_section&quot;:&quot;section-stretched&quot;,&quot;background_background&quot;:&quot;classic&quot;}\">\n\t\t\t\t\t\t<div class=\"elementor-container elementor-column-gap-extended\">\n\t\t\t\t\t<div class=\"elementor-column elementor-col-100 elementor-top-column elementor-element elementor-element-b12b089\" data-id=\"b12b089\" data-element_type=\"column\" data-e-type=\"column\">\n\t\t\t<div class=\"elementor-widget-wrap elementor-element-populated\">\n\t\t\t\t\t\t<div class=\"elementor-element elementor-element-171228c elementor-widget elementor-widget-text-editor\" data-id=\"171228c\" data-element_type=\"widget\" data-e-type=\"widget\" data-widget_type=\"text-editor.default\">\n\t\t\t\t<div class=\"elementor-widget-container\">\n\t\t\t\t\t\t\t\t\t<h4>Prevenga o identifique problemas menores antes de que se conviertan en mayores con la intervenci\u00f3n temprana:<\/h4><p>By properly educating your workers on proper body mechanics and injury prevention, <a href=\"https:\/\/auronovophysio.com\/es\/\"><strong>Auronovo Physical<\/strong><\/a> Therapy can help prevent or identify issues before they have the chance to develop into major ones, which could cost your company or business a lot of money. We\u2019ll also identify situations or stressors in your workplace which can be addressed so they no longer possess the potential to cause harm.<\/p>\t\t\t\t\t\t\t\t<\/div>\n\t\t\t\t<\/div>\n\t\t\t\t<div class=\"elementor-element elementor-element-4d2485d elementor-widget elementor-widget-text-editor\" data-id=\"4d2485d\" data-element_type=\"widget\" data-e-type=\"widget\" data-widget_type=\"text-editor.default\">\n\t\t\t\t<div class=\"elementor-widget-container\">\n\t\t\t\t\t\t\t\t\t<h4>Aborde de manera proactiva los problemas de salud de los empleados con educaci\u00f3n sobre salud y bienestar:<\/h4><p>Tener una fuerza laboral saludable es fundamental para tener una empresa exitosa y de alto rendimiento. Si sus empleados est\u00e1n constantemente enfermos o sufren problemas f\u00edsicos provocados por malas elecciones de estilo de vida, es dif\u00edcil que su negocio sea productivo y confiable. Es por eso que creemos que la educaci\u00f3n de salud y bienestar de base amplia juega un papel vital en mantener y alentar a los empleados a vivir una vida saludable y productiva tanto en el trabajo como en el hogar. Nuestra educaci\u00f3n sobre el bienestar incluye la prevenci\u00f3n de la diabetes y la hipertensi\u00f3n, dejar de fumar, soluciones saludables para perder peso, nutrici\u00f3n y m\u00e1s.<\/p>\t\t\t\t\t\t\t\t<\/div>\n\t\t\t\t<\/div>\n\t\t\t\t<div class=\"elementor-element elementor-element-aa0d23e elementor-widget elementor-widget-text-editor\" data-id=\"aa0d23e\" data-element_type=\"widget\" data-e-type=\"widget\" data-widget_type=\"text-editor.default\">\n\t\t\t\t<div class=\"elementor-widget-container\">\n\t\t\t\t\t\t\t\t\t<h4>Reduzca los costos de atenci\u00f3n m\u00e9dica y discapacidad y ahorre tiempo mientras permite que los trabajadores lesionados accedan a atenci\u00f3n inmediata con una cl\u00ednica en el lugar:<\/h4><p>Con una cl\u00ednica en el lugar de Auronovo Physical Therapy, sus trabajadores lesionados pueden recibir el tratamiento que necesitan cuando lo necesitan. Este r\u00e1pido y eficaz servicio de fisioterapia permite a los empresarios maximizar la productividad de sus empleados al tiempo que reducen los viajes y los tiempos de espera. Tambi\u00e9n proporciona un alto retorno de la inversi\u00f3n al reducir los costos de atenci\u00f3n m\u00e9dica y discapacidad.<\/p>\t\t\t\t\t\t\t\t<\/div>\n\t\t\t\t<\/div>\n\t\t\t\t<div class=\"elementor-element elementor-element-afab869 elementor-widget elementor-widget-text-editor\" data-id=\"afab869\" data-element_type=\"widget\" data-e-type=\"widget\" data-widget_type=\"text-editor.default\">\n\t\t\t\t<div class=\"elementor-widget-container\">\n\t\t\t\t\t\t\t\t\t<h4>Detenga las lesiones antes de que sucedan con una evaluaci\u00f3n de la ergonom\u00eda:<\/h4><p>La mayor\u00eda de las lesiones que ocurren en un lugar de trabajo son el resultado de una configuraci\u00f3n ergon\u00f3mica deficiente. Al estudiar y evaluar c\u00f3mo sus empleados hacen su trabajo y el entorno en el que lo hacen, la fisioterapia de Auronovo puede detener la mayor\u00eda de las lesiones en el lugar de trabajo antes de que sucedan. Esto incluye lesiones como ca\u00eddas, esfuerzos repetitivos en las articulaciones, s\u00edndrome del t\u00fanel carpiano, fatiga visual y dolores de cabeza. Nuestra filosof\u00eda es adaptar el entorno de trabajo para que se adapte mejor al trabajador, en lugar de hacer que el trabajador se adapte al entorno. Una evaluaci\u00f3n de ergonom\u00eda de Auronovo Physical Therapy har\u00e1 que eso suceda.<\/p>\t\t\t\t\t\t\t\t<\/div>\n\t\t\t\t<\/div>\n\t\t\t\t\t<\/div>\n\t\t<\/div>\n\t\t\t\t\t<\/div>\n\t\t<\/section>\n\t\t\t\t<section class=\"elementor-section elementor-top-section elementor-element elementor-element-ddbdc6d elementor-section-boxed elementor-section-height-default elementor-section-height-default\" data-id=\"ddbdc6d\" data-element_type=\"section\" data-e-type=\"section\">\n\t\t\t\t\t\t<div class=\"elementor-container elementor-column-gap-default\">\n\t\t\t\t\t<div class=\"elementor-column elementor-col-100 elementor-top-column elementor-element elementor-element-997c566\" data-id=\"997c566\" data-element_type=\"column\" data-e-type=\"column\">\n\t\t\t<div class=\"elementor-widget-wrap elementor-element-populated\">\n\t\t\t\t\t\t<div class=\"elementor-element elementor-element-12591ca elementor-align-center elementor-widget elementor-widget-qt-custom-heading\" data-id=\"12591ca\" data-element_type=\"widget\" data-e-type=\"widget\" data-widget_type=\"qt-custom-heading.default\">\n\t\t\t\t<div class=\"elementor-widget-container\">\n\t\t\t\t\t            <div class=\"custom-heading\">\n                <h2 class=\"widget-title\"><span class=\"normal\">Integral<\/span> Pruebas de empleados<\/h2>\n            <\/div>\n        \t\t\t\t<\/div>\n\t\t\t\t<\/div>\n\t\t\t\t<section class=\"elementor-section elementor-inner-section elementor-element elementor-element-5150e8a elementor-section-boxed elementor-section-height-default elementor-section-height-default\" data-id=\"5150e8a\" data-element_type=\"section\" data-e-type=\"section\">\n\t\t\t\t\t\t<div class=\"elementor-container elementor-column-gap-default\">\n\t\t\t\t\t<div class=\"elementor-column elementor-col-50 elementor-inner-column elementor-element elementor-element-78f1efd\" data-id=\"78f1efd\" data-element_type=\"column\" data-e-type=\"column\">\n\t\t\t<div class=\"elementor-widget-wrap elementor-element-populated\">\n\t\t\t\t\t\t<div class=\"elementor-element elementor-element-9876c4e elementor-widget elementor-widget-text-editor\" data-id=\"9876c4e\" data-element_type=\"widget\" data-e-type=\"widget\" data-widget_type=\"text-editor.default\">\n\t\t\t\t<div class=\"elementor-widget-container\">\n\t\t\t\t\t\t\t\t\t<h4>Aseg\u00farese de que sus nuevos empleados puedan manejar los rigores de su futuro trabajo con pruebas de empleo previas al empleo y posteriores a la oferta (POET):<\/h4>\nAuronovo Physical Therapy puede proporcionar protocolos de evaluaci\u00f3n que miden la capacidad de un candidato potencial para realizar las demandas f\u00edsicas del trabajo que est\u00e1 buscando. Al hacerlo, podemos confirmar que el nuevo empleado puede ejecutar los requisitos f\u00edsicos de su trabajo al tiempo que reduce la probabilidad de lesiones, lo que resulta en que usted, el empleador, reduzca los costos de discapacidad.\t\t\t\t\t\t\t\t<\/div>\n\t\t\t\t<\/div>\n\t\t\t\t\t<\/div>\n\t\t<\/div>\n\t\t\t\t<div class=\"elementor-column elementor-col-50 elementor-inner-column elementor-element elementor-element-f7a557e\" data-id=\"f7a557e\" data-element_type=\"column\" data-e-type=\"column\">\n\t\t\t<div class=\"elementor-widget-wrap elementor-element-populated\">\n\t\t\t\t\t\t<div class=\"elementor-element elementor-element-ac1d938 elementor-widget elementor-widget-text-editor\" data-id=\"ac1d938\" data-element_type=\"widget\" data-e-type=\"widget\" data-widget_type=\"text-editor.default\">\n\t\t\t\t<div class=\"elementor-widget-container\">\n\t\t\t\t\t\t\t\t\t<h4>Entienda exactamente lo que requerir\u00e1 el trabajo de sus empleados con un an\u00e1lisis de demanda f\u00edsica (PDA):<\/h4>\nA veces, como empleador, no comprende completamente las demandas f\u00edsicas a las que estar\u00e1n sujetos sus trabajadores. Esto puede deberse a que se ha creado un nuevo puesto en su empresa o se ha modificado uno anterior. Un PDA de Auronovo Physical Therapy determina integralmente la cantidad de levantamiento\/manejo de peso, patrones de movimiento y repeticiones que requiere un trabajo determinado. Al conocer esta informaci\u00f3n, puede evaluar y documentar las demandas f\u00edsicas esenciales de un trabajo, lo que lo ayuda a educar mejor a los empleados actuales y al mismo tiempo le brinda las pautas adecuadas necesarias al considerar candidatos para un trabajo. Un PDA documentado tambi\u00e9n ayudar\u00e1 a los m\u00e9dicos a determinar las restricciones relacionadas con el trabajo para un empleado lesionado.\t\t\t\t\t\t\t\t<\/div>\n\t\t\t\t<\/div>\n\t\t\t\t\t<\/div>\n\t\t<\/div>\n\t\t\t\t\t<\/div>\n\t\t<\/section>\n\t\t\t\t<section class=\"elementor-section elementor-inner-section elementor-element elementor-element-32c9d61 elementor-section-boxed elementor-section-height-default elementor-section-height-default\" data-id=\"32c9d61\" data-element_type=\"section\" data-e-type=\"section\">\n\t\t\t\t\t\t<div class=\"elementor-container elementor-column-gap-default\">\n\t\t\t\t\t<div class=\"elementor-column elementor-col-50 elementor-inner-column elementor-element elementor-element-3c10dfa\" data-id=\"3c10dfa\" data-element_type=\"column\" data-e-type=\"column\">\n\t\t\t<div class=\"elementor-widget-wrap elementor-element-populated\">\n\t\t\t\t\t\t<div class=\"elementor-element elementor-element-66f72ad elementor-widget elementor-widget-text-editor\" data-id=\"66f72ad\" data-element_type=\"widget\" data-e-type=\"widget\" data-widget_type=\"text-editor.default\">\n\t\t\t\t<div class=\"elementor-widget-container\">\n\t\t\t\t\t\t\t\t\t<h4>Ayude a sus empleados a regresar al trabajo de manera segura con las pruebas de regreso al trabajo (RWT):<\/h4>\nSi su empleado ha estado fuera del trabajo debido a una lesi\u00f3n, es importante que haga que su regreso sea lo m\u00e1s seguro posible. Si no lo hace, el trabajador podr\u00eda volver a lesionarse, lo que podr\u00eda costarle pagos por discapacidad y una p\u00e9rdida de productividad. Auronovo Physical Therapy puede realizar RWT para determinar la preparaci\u00f3n de un empleado para regresar al trabajo, o las modificaciones necesarias una vez que regrese.\t\t\t\t\t\t\t\t<\/div>\n\t\t\t\t<\/div>\n\t\t\t\t\t<\/div>\n\t\t<\/div>\n\t\t\t\t<div class=\"elementor-column elementor-col-50 elementor-inner-column elementor-element elementor-element-f778fb5\" data-id=\"f778fb5\" data-element_type=\"column\" data-e-type=\"column\">\n\t\t\t<div class=\"elementor-widget-wrap elementor-element-populated\">\n\t\t\t\t\t\t<div class=\"elementor-element elementor-element-15fcdd0 elementor-widget elementor-widget-text-editor\" data-id=\"15fcdd0\" data-element_type=\"widget\" data-e-type=\"widget\" data-widget_type=\"text-editor.default\">\n\t\t\t\t<div class=\"elementor-widget-container\">\n\t\t\t\t\t\t\t\t\t<h4>Ayude a acomodar a los trabajadores lesionados con una evaluaci\u00f3n de capacidad funcional (FCE):<\/h4>\nUn FCE es una evaluaci\u00f3n objetiva de terceros de la capacidad de un individuo para realizar las actividades asociadas con la vida diaria, as\u00ed como cualquier tarea relacionada con su desempe\u00f1o laboral antes y despu\u00e9s de la discapacidad. Al realizar un FCE, el empleador y el empleado tendr\u00e1n respuestas definitivas a las preguntas que surgen de las discapacidades o dificultades f\u00edsicas. Estos incluyen cosas como cu\u00e1les son las habilidades y restricciones funcionales del cliente, su empleabilidad basada en habilidades funcionales demostradas y su capacidad para mantener el empleo ya sea a tiempo completo oa tiempo parcial. Esta evaluaci\u00f3n cient\u00edficamente imparcial permite a los empleadores acomodar a los trabajadores o hacer la transici\u00f3n a un nuevo rol o puesto m\u00e1s f\u00e1cilmente.\t\t\t\t\t\t\t\t<\/div>\n\t\t\t\t<\/div>\n\t\t\t\t\t<\/div>\n\t\t<\/div>\n\t\t\t\t\t<\/div>\n\t\t<\/section>\n\t\t\t\t<section class=\"elementor-section elementor-inner-section elementor-element elementor-element-86fb784 elementor-section-boxed elementor-section-height-default elementor-section-height-default\" data-id=\"86fb784\" data-element_type=\"section\" data-e-type=\"section\">\n\t\t\t\t\t\t<div class=\"elementor-container elementor-column-gap-default\">\n\t\t\t\t\t<div class=\"elementor-column elementor-col-50 elementor-inner-column elementor-element elementor-element-baf1331\" data-id=\"baf1331\" data-element_type=\"column\" data-e-type=\"column\">\n\t\t\t<div class=\"elementor-widget-wrap elementor-element-populated\">\n\t\t\t\t\t\t<div class=\"elementor-element elementor-element-cb5089e elementor-widget elementor-widget-text-editor\" data-id=\"cb5089e\" data-element_type=\"widget\" data-e-type=\"widget\" data-widget_type=\"text-editor.default\">\n\t\t\t\t<div class=\"elementor-widget-container\">\n\t\t\t\t\t\t\t\t\t<h4>Este programa incluye:<\/h4><ul><li>Reacondicionamiento f\u00edsico y cardiopulmonar<\/li><li>Protocolos de ejercicios intensivos de fortalecimiento y estiramiento<\/li><li>Ejercicios de mejora de la movilidad y la flexibilidad y programas de estabilizaci\u00f3n espec\u00edficos del trabajo<\/li><li>Entrenamiento y\/o modificaci\u00f3n de las actividades de la vida diaria<\/li><li>Educar a los pacientes sobre la diferenciaci\u00f3n entre dolor y da\u00f1o y dolor y dolor<\/li><li>Educar a los pacientes sobre la prevenci\u00f3n de lesiones y la salud y el bienestar.<\/li><li>Educar a los pacientes sobre el autocontrol de su dolor y el trabajo seguro<\/li><li>Mejorar la tolerancia f\u00edsica del paciente a las funciones laborales esenciales<\/li><\/ul>\t\t\t\t\t\t\t\t<\/div>\n\t\t\t\t<\/div>\n\t\t\t\t\t<\/div>\n\t\t<\/div>\n\t\t\t\t<div class=\"elementor-column elementor-col-50 elementor-inner-column elementor-element elementor-element-6d84f43\" data-id=\"6d84f43\" data-element_type=\"column\" data-e-type=\"column\">\n\t\t\t<div class=\"elementor-widget-wrap elementor-element-populated\">\n\t\t\t\t\t\t<div class=\"elementor-element elementor-element-98a1fa7 elementor-widget elementor-widget-image\" data-id=\"98a1fa7\" data-element_type=\"widget\" data-e-type=\"widget\" data-widget_type=\"image.default\">\n\t\t\t\t<div class=\"elementor-widget-container\">\n\t\t\t\t\t\t\t\t\t\t\t\t\t\t\t<img decoding=\"async\" width=\"544\" height=\"426\" src=\"https:\/\/auronovophysio.com\/wp-content\/uploads\/2022\/11\/work-3.png\" class=\"attachment-woocommerce_single size-woocommerce_single wp-image-8354\" alt=\"\" srcset=\"https:\/\/auronovophysio.com\/wp-content\/uploads\/2022\/11\/work-3.png 544w, https:\/\/auronovophysio.com\/wp-content\/uploads\/2022\/11\/work-3-300x235.png 300w\" sizes=\"(max-width: 544px) 100vw, 544px\" title=\"work-3 - Auronovo Physical Therapy &amp; Rehabilitation.\" \/>\t\t\t\t\t\t\t\t\t\t\t\t\t\t\t<\/div>\n\t\t\t\t<\/div>\n\t\t\t\t\t<\/div>\n\t\t<\/div>\n\t\t\t\t\t<\/div>\n\t\t<\/section>\n\t\t\t\t\t<\/div>\n\t\t<\/div>\n\t\t\t\t\t<\/div>\n\t\t<\/section>\n\t\t\t\t<\/div>","protected":false},"excerpt":{"rendered":"<p>THE 4 PHASES OF AURONOVO\u2019S WORK SOLUTIONS PROGRAM Prevention through education \u2022 We educate on injury prevention\u2022 We institute a culture of safety\u2022 We provide sustained engagement from management to employees Early intervention \u2022 We provide rapid response to work injuries\u2022 We provide quick evaluation and treatment\u2022 Which keeps workers on the job Diagnostic and [&hellip;]<\/p>\n","protected":false},"author":1,"featured_media":0,"parent":0,"menu_order":0,"comment_status":"closed","ping_status":"closed","template":"","meta":{"om_disable_all_campaigns":false,"_monsterinsights_skip_tracking":false,"_monsterinsights_sitenote_active":false,"_monsterinsights_sitenote_note":"","_monsterinsights_sitenote_category":0,"footnotes":""},"class_list":["post-8350","page","type-page","status-publish","hentry"],"acf":[],"aioseo_notices":[],"_links":{"self":[{"href":"https:\/\/auronovophysio.com\/es\/wp-json\/wp\/v2\/pages\/8350","targetHints":{"allow":["GET"]}}],"collection":[{"href":"https:\/\/auronovophysio.com\/es\/wp-json\/wp\/v2\/pages"}],"about":[{"href":"https:\/\/auronovophysio.com\/es\/wp-json\/wp\/v2\/types\/page"}],"author":[{"embeddable":true,"href":"https:\/\/auronovophysio.com\/es\/wp-json\/wp\/v2\/users\/1"}],"replies":[{"embeddable":true,"href":"https:\/\/auronovophysio.com\/es\/wp-json\/wp\/v2\/comments?post=8350"}],"version-history":[{"count":16,"href":"https:\/\/auronovophysio.com\/es\/wp-json\/wp\/v2\/pages\/8350\/revisions"}],"predecessor-version":[{"id":8923,"href":"https:\/\/auronovophysio.com\/es\/wp-json\/wp\/v2\/pages\/8350\/revisions\/8923"}],"wp:attachment":[{"href":"https:\/\/auronovophysio.com\/es\/wp-json\/wp\/v2\/media?parent=8350"}],"curies":[{"name":"wp","href":"https:\/\/api.w.org\/{rel}","templated":true}]}}