{"id":8333,"date":"2022-11-06T20:37:18","date_gmt":"2022-11-06T20:37:18","guid":{"rendered":"https:\/\/auronovophysio.com\/?page_id=8333"},"modified":"2025-03-10T15:59:19","modified_gmt":"2025-03-10T15:59:19","slug":"domiciliary-care","status":"publish","type":"page","link":"https:\/\/auronovophysio.com\/es\/domiciliary-care\/","title":{"rendered":"Atenci\u00f3n domiciliaria"},"content":{"rendered":"<div data-elementor-type=\"wp-page\" data-elementor-id=\"8333\" class=\"elementor elementor-8333\">\n\t\t\t\t\t\t<section class=\"elementor-section elementor-top-section elementor-element elementor-element-78a125e elementor-section-boxed elementor-section-height-default elementor-section-height-default\" data-id=\"78a125e\" data-element_type=\"section\" data-e-type=\"section\">\n\t\t\t\t\t\t<div class=\"elementor-container elementor-column-gap-default\">\n\t\t\t\t\t<div class=\"elementor-column elementor-col-100 elementor-top-column elementor-element elementor-element-c79483a\" data-id=\"c79483a\" data-element_type=\"column\" data-e-type=\"column\">\n\t\t\t<div class=\"elementor-widget-wrap elementor-element-populated\">\n\t\t\t\t\t\t<div class=\"elementor-element elementor-element-a50f167 elementor-widget elementor-widget-text-editor\" data-id=\"a50f167\" data-element_type=\"widget\" data-e-type=\"widget\" data-widget_type=\"text-editor.default\">\n\t\t\t\t<div class=\"elementor-widget-container\">\n\t\t\t\t\t\t\t\t\t<p>\u00bfPor qu\u00e9 esperar semanas interminables antes de recibir la atenci\u00f3n que necesitaba con urgencia?<\/p><p>Accessibility to <a href=\"https:\/\/auronovophysio.com\/es\/\"><strong>physical therapy<\/strong><\/a> and Rehab care is now one call away, thanks to HomePhysio and HomeRehab powered by Auronovo Physical Therapy &amp; Rehabilitation<br \/>Le brindamos atenci\u00f3n de calidad en la comodidad de su hogar o en las instalaciones donde reside.<\/p><p>La larga espera ha terminado. Auronovo se compromete a brindar una atenci\u00f3n personalizada y de calidad, oportuna y orientada a resultados.<br \/>Others do home visits, we do home care through a dedicated team of professionals who truly <a href=\"https:\/\/lambtonpublichealth.ca\/take-care-of-your-body\/\"><strong>care about your health<\/strong><\/a>.<\/p>\t\t\t\t\t\t\t\t<\/div>\n\t\t\t\t<\/div>\n\t\t\t\t\t<\/div>\n\t\t<\/div>\n\t\t\t\t\t<\/div>\n\t\t<\/section>\n\t\t\t\t<section class=\"elementor-section elementor-top-section elementor-element elementor-element-e2bd037 elementor-section-boxed elementor-section-height-default elementor-section-height-default\" data-id=\"e2bd037\" data-element_type=\"section\" data-e-type=\"section\">\n\t\t\t\t\t\t<div class=\"elementor-container elementor-column-gap-default\">\n\t\t\t\t\t<div class=\"elementor-column elementor-col-50 elementor-top-column elementor-element elementor-element-57f9ed3\" data-id=\"57f9ed3\" data-element_type=\"column\" data-e-type=\"column\">\n\t\t\t<div class=\"elementor-widget-wrap elementor-element-populated\">\n\t\t\t\t\t\t<div class=\"elementor-element elementor-element-2343392 elementor-widget elementor-widget-qt-custom-heading\" data-id=\"2343392\" data-element_type=\"widget\" data-e-type=\"widget\" data-widget_type=\"qt-custom-heading.default\">\n\t\t\t\t<div class=\"elementor-widget-container\">\n\t\t\t\t\t            <div class=\"custom-heading\">\n                <h2 class=\"widget-title\"><span class=\"normal\">Nuestro<\/span> La atenci\u00f3n domiciliaria incluye:<\/h2>\n            <\/div>\n        \t\t\t\t<\/div>\n\t\t\t\t<\/div>\n\t\t\t\t<div class=\"elementor-element elementor-element-c17df8b elementor-icon-list--layout-traditional elementor-list-item-link-full_width elementor-widget elementor-widget-icon-list\" data-id=\"c17df8b\" data-element_type=\"widget\" data-e-type=\"widget\" data-widget_type=\"icon-list.default\">\n\t\t\t\t<div class=\"elementor-widget-container\">\n\t\t\t\t\t\t\t<ul class=\"elementor-icon-list-items\">\n\t\t\t\t\t\t\t<li class=\"elementor-icon-list-item\">\n\t\t\t\t\t\t\t\t\t\t\t<span class=\"elementor-icon-list-icon\">\n\t\t\t\t\t\t\t<i aria-hidden=\"true\" class=\"fas fa-check-circle\"><\/i>\t\t\t\t\t\t<\/span>\n\t\t\t\t\t\t\t\t\t\t<span class=\"elementor-icon-list-text\"> Cuidado de personas mayores en el hogar para la restauraci\u00f3n funcional de personas mayores<\/span>\n\t\t\t\t\t\t\t\t\t<\/li>\n\t\t\t\t\t\t\t\t<li class=\"elementor-icon-list-item\">\n\t\t\t\t\t\t\t\t\t\t\t<span class=\"elementor-icon-list-icon\">\n\t\t\t\t\t\t\t<i aria-hidden=\"true\" class=\"fas fa-check-circle\"><\/i>\t\t\t\t\t\t<\/span>\n\t\t\t\t\t\t\t\t\t\t<span class=\"elementor-icon-list-text\">Rehabilitaci\u00f3n despu\u00e9s de un accidente cerebrovascular y otros problemas neurol\u00f3gicos<\/span>\n\t\t\t\t\t\t\t\t\t<\/li>\n\t\t\t\t\t\t\t\t<li class=\"elementor-icon-list-item\">\n\t\t\t\t\t\t\t\t\t\t\t<span class=\"elementor-icon-list-icon\">\n\t\t\t\t\t\t\t<i aria-hidden=\"true\" class=\"fas fa-check-circle\"><\/i>\t\t\t\t\t\t<\/span>\n\t\t\t\t\t\t\t\t\t\t<span class=\"elementor-icon-list-text\">Artritis y manejo del dolor<\/span>\n\t\t\t\t\t\t\t\t\t<\/li>\n\t\t\t\t\t\t\t\t<li class=\"elementor-icon-list-item\">\n\t\t\t\t\t\t\t\t\t\t\t<span class=\"elementor-icon-list-icon\">\n\t\t\t\t\t\t\t<i aria-hidden=\"true\" class=\"fas fa-check-circle\"><\/i>\t\t\t\t\t\t<\/span>\n\t\t\t\t\t\t\t\t\t\t<span class=\"elementor-icon-list-text\"> Proporcionar atenci\u00f3n de recuperaci\u00f3n posquir\u00fargica y posterior a la lesi\u00f3n.<\/span>\n\t\t\t\t\t\t\t\t\t<\/li>\n\t\t\t\t\t\t<\/ul>\n\t\t\t\t\t\t<\/div>\n\t\t\t\t<\/div>\n\t\t\t\t<div class=\"elementor-element elementor-element-dd86485 elementor-widget elementor-widget-qt-custom-heading\" data-id=\"dd86485\" data-element_type=\"widget\" data-e-type=\"widget\" data-widget_type=\"qt-custom-heading.default\">\n\t\t\t\t<div class=\"elementor-widget-container\">\n\t\t\t\t\t            <div class=\"custom-heading\">\n                <h2 class=\"widget-title\"><span class=\"normal\">Nuestro<\/span> objetivo incluye es:<\/h2>\n            <\/div>\n        \t\t\t\t<\/div>\n\t\t\t\t<\/div>\n\t\t\t\t<div class=\"elementor-element elementor-element-d6747aa elementor-icon-list--layout-traditional elementor-list-item-link-full_width elementor-widget elementor-widget-icon-list\" data-id=\"d6747aa\" data-element_type=\"widget\" data-e-type=\"widget\" data-widget_type=\"icon-list.default\">\n\t\t\t\t<div class=\"elementor-widget-container\">\n\t\t\t\t\t\t\t<ul class=\"elementor-icon-list-items\">\n\t\t\t\t\t\t\t<li class=\"elementor-icon-list-item\">\n\t\t\t\t\t\t\t\t\t\t\t<span class=\"elementor-icon-list-icon\">\n\t\t\t\t\t\t\t<i aria-hidden=\"true\" class=\"fas fa-check-circle\"><\/i>\t\t\t\t\t\t<\/span>\n\t\t\t\t\t\t\t\t\t\t<span class=\"elementor-icon-list-text\">Proporcionar evaluaci\u00f3n y plan de atenci\u00f3n para aliviar el dolor.<\/span>\n\t\t\t\t\t\t\t\t\t<\/li>\n\t\t\t\t\t\t\t\t<li class=\"elementor-icon-list-item\">\n\t\t\t\t\t\t\t\t\t\t\t<span class=\"elementor-icon-list-icon\">\n\t\t\t\t\t\t\t<i aria-hidden=\"true\" class=\"fas fa-check-circle\"><\/i>\t\t\t\t\t\t<\/span>\n\t\t\t\t\t\t\t\t\t\t<span class=\"elementor-icon-list-text\">Mejorar la fuerza muscular<\/span>\n\t\t\t\t\t\t\t\t\t<\/li>\n\t\t\t\t\t\t\t\t<li class=\"elementor-icon-list-item\">\n\t\t\t\t\t\t\t\t\t\t\t<span class=\"elementor-icon-list-icon\">\n\t\t\t\t\t\t\t<i aria-hidden=\"true\" class=\"fas fa-check-circle\"><\/i>\t\t\t\t\t\t<\/span>\n\t\t\t\t\t\t\t\t\t\t<span class=\"elementor-icon-list-text\">Mejorar el equilibrio y la coordinaci\u00f3n.<\/span>\n\t\t\t\t\t\t\t\t\t<\/li>\n\t\t\t\t\t\t\t\t<li class=\"elementor-icon-list-item\">\n\t\t\t\t\t\t\t\t\t\t\t<span class=\"elementor-icon-list-icon\">\n\t\t\t\t\t\t\t<i aria-hidden=\"true\" class=\"fas fa-check-circle\"><\/i>\t\t\t\t\t\t<\/span>\n\t\t\t\t\t\t\t\t\t\t<span class=\"elementor-icon-list-text\">Restaurar la movilidad funcional<\/span>\n\t\t\t\t\t\t\t\t\t<\/li>\n\t\t\t\t\t\t\t\t<li class=\"elementor-icon-list-item\">\n\t\t\t\t\t\t\t\t\t\t\t<span class=\"elementor-icon-list-icon\">\n\t\t\t\t\t\t\t<i aria-hidden=\"true\" class=\"fas fa-check-circle\"><\/i>\t\t\t\t\t\t<\/span>\n\t\t\t\t\t\t\t\t\t\t<span class=\"elementor-icon-list-text\">Restaurar y mantener la independencia personal en el hogar y la comunidad.<\/span>\n\t\t\t\t\t\t\t\t\t<\/li>\n\t\t\t\t\t\t\t\t<li class=\"elementor-icon-list-item\">\n\t\t\t\t\t\t\t\t\t\t\t<span class=\"elementor-icon-list-icon\">\n\t\t\t\t\t\t\t<i aria-hidden=\"true\" class=\"fas fa-check-circle\"><\/i>\t\t\t\t\t\t<\/span>\n\t\t\t\t\t\t\t\t\t\t<span class=\"elementor-icon-list-text\">Evaluar y proporcionar equipos de rehabilitaci\u00f3n.<\/span>\n\t\t\t\t\t\t\t\t\t<\/li>\n\t\t\t\t\t\t\t\t<li class=\"elementor-icon-list-item\">\n\t\t\t\t\t\t\t\t\t\t\t<span class=\"elementor-icon-list-icon\">\n\t\t\t\t\t\t\t<i aria-hidden=\"true\" class=\"fas fa-check-circle\"><\/i>\t\t\t\t\t\t<\/span>\n\t\t\t\t\t\t\t\t\t\t<span class=\"elementor-icon-list-text\">Ayudas para la vida diaria<\/span>\n\t\t\t\t\t\t\t\t\t<\/li>\n\t\t\t\t\t\t\t\t<li class=\"elementor-icon-list-item\">\n\t\t\t\t\t\t\t\t\t\t\t<span class=\"elementor-icon-list-icon\">\n\t\t\t\t\t\t\t<i aria-hidden=\"true\" class=\"fas fa-check-circle\"><\/i>\t\t\t\t\t\t<\/span>\n\t\t\t\t\t\t\t\t\t\t<span class=\"elementor-icon-list-text\">Comunicaci\u00f3n r\u00e1pida<\/span>\n\t\t\t\t\t\t\t\t\t<\/li>\n\t\t\t\t\t\t<\/ul>\n\t\t\t\t\t\t<\/div>\n\t\t\t\t<\/div>\n\t\t\t\t\t<\/div>\n\t\t<\/div>\n\t\t\t\t<div class=\"elementor-column elementor-col-50 elementor-top-column elementor-element elementor-element-1a755cb\" data-id=\"1a755cb\" data-element_type=\"column\" data-e-type=\"column\">\n\t\t\t<div class=\"elementor-widget-wrap elementor-element-populated\">\n\t\t\t\t\t\t<div class=\"elementor-element elementor-element-514818d elementor-widget elementor-widget-qt-brand-image\" data-id=\"514818d\" data-element_type=\"widget\" data-e-type=\"widget\" data-widget_type=\"qt-brand-image.default\">\n\t\t\t\t<div class=\"elementor-widget-container\">\n\t\t\t\t\t\n        <div class=\"brand-image\">\n\n            \n            <img fetchpriority=\"high\" decoding=\"async\" width=\"600\" height=\"400\" src=\"https:\/\/auronovophysio.com\/wp-content\/uploads\/2022\/11\/car-1-600x400.jpg\" class=\"attachment-woocommerce_single size-woocommerce_single wp-image-8336\" alt=\"\" srcset=\"https:\/\/auronovophysio.com\/wp-content\/uploads\/2022\/11\/car-1-600x400.jpg 600w, https:\/\/auronovophysio.com\/wp-content\/uploads\/2022\/11\/car-1-300x200.jpg 300w, https:\/\/auronovophysio.com\/wp-content\/uploads\/2022\/11\/car-1-768x512.jpg 768w, https:\/\/auronovophysio.com\/wp-content\/uploads\/2022\/11\/car-1-360x240.jpg 360w, https:\/\/auronovophysio.com\/wp-content\/uploads\/2022\/11\/car-1-850x567.jpg 850w, https:\/\/auronovophysio.com\/wp-content\/uploads\/2022\/11\/car-1.jpg 1024w\" sizes=\"(max-width: 600px) 100vw, 600px\" \/>\n            \n        <\/div>\n\n        \t\t\t\t<\/div>\n\t\t\t\t<\/div>\n\t\t\t\t<div class=\"elementor-element elementor-element-75151e9 elementor-widget elementor-widget-text-editor\" data-id=\"75151e9\" data-element_type=\"widget\" data-e-type=\"widget\" data-widget_type=\"text-editor.default\">\n\t\t\t\t<div class=\"elementor-widget-container\">\n\t\t\t\t\t\t\t\t\t<p>Si su objetivo es mantener su independencia o la de su ser querido, somos la opci\u00f3n adecuada para usted. Cont\u00e1ctenos hoy en\u00a0<a href=\"tel:403-452-2721\">403-452-2721<\/a>\u00a0o llene nuestro formulario de contacto. Nuestro equipo de expertos en rehabilitaci\u00f3n de atenci\u00f3n domiciliaria est\u00e1 esperando saber de usted.<\/p>\t\t\t\t\t\t\t\t<\/div>\n\t\t\t\t<\/div>\n\t\t\t\t\t<\/div>\n\t\t<\/div>\n\t\t\t\t\t<\/div>\n\t\t<\/section>\n\t\t\t\t<\/div>","protected":false},"excerpt":{"rendered":"<p>Why wait for weeks unending before you receive the care you urgently needed? Accessibility to physical therapy and Rehab care is now one call away, thanks to HomePhysio and HomeRehab powered by Auronovo Physical Therapy &amp; RehabilitationWe provide quality care to you right in the comfort of your home or the facility where you reside. [&hellip;]<\/p>\n","protected":false},"author":1,"featured_media":0,"parent":0,"menu_order":0,"comment_status":"closed","ping_status":"closed","template":"","meta":{"om_disable_all_campaigns":false,"_monsterinsights_skip_tracking":false,"_monsterinsights_sitenote_active":false,"_monsterinsights_sitenote_note":"","_monsterinsights_sitenote_category":0,"footnotes":""},"class_list":["post-8333","page","type-page","status-publish","hentry"],"acf":[],"aioseo_notices":[],"_links":{"self":[{"href":"https:\/\/auronovophysio.com\/es\/wp-json\/wp\/v2\/pages\/8333","targetHints":{"allow":["GET"]}}],"collection":[{"href":"https:\/\/auronovophysio.com\/es\/wp-json\/wp\/v2\/pages"}],"about":[{"href":"https:\/\/auronovophysio.com\/es\/wp-json\/wp\/v2\/types\/page"}],"author":[{"embeddable":true,"href":"https:\/\/auronovophysio.com\/es\/wp-json\/wp\/v2\/users\/1"}],"replies":[{"embeddable":true,"href":"https:\/\/auronovophysio.com\/es\/wp-json\/wp\/v2\/comments?post=8333"}],"version-history":[{"count":20,"href":"https:\/\/auronovophysio.com\/es\/wp-json\/wp\/v2\/pages\/8333\/revisions"}],"predecessor-version":[{"id":8935,"href":"https:\/\/auronovophysio.com\/es\/wp-json\/wp\/v2\/pages\/8333\/revisions\/8935"}],"wp:attachment":[{"href":"https:\/\/auronovophysio.com\/es\/wp-json\/wp\/v2\/media?parent=8333"}],"curies":[{"name":"wp","href":"https:\/\/api.w.org\/{rel}","templated":true}]}}