{"id":8118,"date":"2021-09-03T17:03:39","date_gmt":"2021-09-03T17:03:39","guid":{"rendered":"https:\/\/export-demos.qreativethemes.com\/elementor-physio\/?page_id=8118"},"modified":"2025-03-07T15:41:06","modified_gmt":"2025-03-07T15:41:06","slug":"careers","status":"publish","type":"page","link":"https:\/\/auronovophysio.com\/es\/careers\/","title":{"rendered":"Carreras"},"content":{"rendered":"<div data-elementor-type=\"wp-page\" data-elementor-id=\"8118\" class=\"elementor elementor-8118\">\n\t\t\t\t\t\t<section class=\"elementor-section elementor-top-section elementor-element elementor-element-ffb987d elementor-section-boxed elementor-section-height-default elementor-section-height-default\" data-id=\"ffb987d\" data-element_type=\"section\" data-e-type=\"section\">\n\t\t\t\t\t\t<div class=\"elementor-container elementor-column-gap-default\">\n\t\t\t\t\t<div class=\"elementor-column elementor-col-100 elementor-top-column elementor-element elementor-element-b9a7e75\" data-id=\"b9a7e75\" data-element_type=\"column\" data-e-type=\"column\">\n\t\t\t<div class=\"elementor-widget-wrap elementor-element-populated\">\n\t\t\t\t\t\t<div class=\"elementor-element elementor-element-21aa44c elementor-widget elementor-widget-text-editor\" data-id=\"21aa44c\" data-element_type=\"widget\" data-e-type=\"widget\" data-widget_type=\"text-editor.default\">\n\t\t\t\t<div class=\"elementor-widget-container\">\n\t\t\t\t\t\t\t\t\t<p>Como l\u00edder de la industria, Physio no es una compa\u00f1\u00eda de terapia ordinaria. Nos distinguimos extendiendo la alfombra roja para cada paciente, todos los d\u00edas. Empleamos a las personas m\u00e1s brillantes para lograr nuestra misi\u00f3n. Actualmente estamos buscando candidatos para trabajos de fisioterapeuta, personal de cl\u00ednica de fisioterapia, trabajos de terapia de manos, trabajos de medicina deportiva, trabajos de entrenamiento atl\u00e9tico y roles corporativos. \u00a1Lo invitamos a explorar nuestras vacantes y presentar su solicitud en l\u00ednea hoy!<\/p>\t\t\t\t\t\t\t\t<\/div>\n\t\t\t\t<\/div>\n\t\t\t\t<div class=\"elementor-element elementor-element-64dd2df elementor-widget elementor-widget-qt-accordion\" data-id=\"64dd2df\" data-element_type=\"widget\" data-e-type=\"widget\" data-widget_type=\"qt-accordion.default\">\n\t\t\t\t<div class=\"elementor-widget-container\">\n\t\t\t\t\t\n        <div class=\"panel-group\" id=\"accordion-0\" data-panel=\"accordion-0\">\n\n                            \n                \n                <div class=\"panel\">\n                    <div class=\"panel-heading\">\n                        <h6 class=\"panel-title\">\n                            <a class=\"accordion-toggle\" data-toggle=\"collapse\" data-parent=\"#accordion-0\" href=\"#collapse_0\" aria-expanded=\"true\">Fisioterapeuta                             <\/a>\n                        <\/h6>\n                    <\/div>\n\n                    <div id=\"collapse_0\" class=\"panel-collapse collapse show\" aria-label=\"Fisioterapeuta \" data-parent=\"#accordion-0\">\n                        <div class=\"panel-body\"><p>\u00a0<\/p><ol><li>La calificaci\u00f3n incluye Bachillerato o Maestr\u00eda en Fisioterapia; DPT proporciona una ventaja adicional.<\/li><li>Con licencia para ejercer en cualquier jurisdicci\u00f3n dentro de Canad\u00e1.<\/li><li>Se alienta a los PT capacitados internacionalmente a postularse si han completado su acreditaci\u00f3n y se han preparado para su examen de competencia de la Parte 1.<\/li><\/ol><p><strong><a href=\"#\">Aplica para este trabajo<\/a><\/strong><\/p><\/div>\n                    <\/div>\n                <\/div>\n\n                            \n                \n                <div class=\"panel\">\n                    <div class=\"panel-heading\">\n                        <h6 class=\"panel-title\">\n                            <a class=\"accordion-toggle\" data-toggle=\"collapse\" data-parent=\"#accordion-0\" href=\"#collapse_1\" aria-expanded=\"false\">Asistente de terapeuta de rehabilitaci\u00f3n                            <\/a>\n                        <\/h6>\n                    <\/div>\n\n                    <div id=\"collapse_1\" class=\"panel-collapse collapse\" aria-label=\"Asistente de terapeuta de rehabilitaci\u00f3n\" data-parent=\"#accordion-0\">\n                        <div class=\"panel-body\"><p>\u00a0<\/p><ol><li>Las calificaciones incluyen un diploma o certificado en un programa acreditado de asistencia en terapia de fisioterapia o rehabilitaci\u00f3n.<\/li><li>Se alienta a los nuevos graduados de la PTA o RTA a postularse.<\/li><\/ol><p><strong><a href=\"#\">Aplica para este trabajo<\/a><\/strong><\/p><\/div>\n                    <\/div>\n                <\/div>\n\n                            \n                \n                <div class=\"panel\">\n                    <div class=\"panel-heading\">\n                        <h6 class=\"panel-title\">\n                            <a class=\"accordion-toggle\" data-toggle=\"collapse\" data-parent=\"#accordion-0\" href=\"#collapse_2\" aria-expanded=\"false\">Gerente de Cl\u00ednica                            <\/a>\n                        <\/h6>\n                    <\/div>\n\n                    <div id=\"collapse_2\" class=\"panel-collapse collapse\" aria-label=\"Gerente de Cl\u00ednica\" data-parent=\"#accordion-0\">\n                        <div class=\"panel-body\"><p>\u00a0<\/p><ol><li>Diplomado o Licenciado en Administraci\u00f3n de la Salud.<\/li><li>Experiencia en contabilidad, competencia de oficina de Microsoft, c\u00f3modo con el uso del Sistema de gesti\u00f3n cl\u00ednica y registros de salud electr\u00f3nicos.<\/li><li>Experiencia con sistema telef\u00f3nico multil\u00ednea y\/o VOIP.<\/li><\/ol><p><strong><a href=\"#\">Aplica para este trabajo<\/a><\/strong><\/p><\/div>\n                    <\/div>\n                <\/div>\n\n            \n        <\/div>\n        \n    \t\t\t\t<\/div>\n\t\t\t\t<\/div>\n\t\t\t\t\t<\/div>\n\t\t<\/div>\n\t\t\t\t\t<\/div>\n\t\t<\/section>\n\t\t\t\t<\/div>","protected":false},"excerpt":{"rendered":"<p>As the industry leader Physio isn&#8217;t your ordinary therapy company. We set ourselves apart by rolling out the red carpet for every patient, every day. We employ the brightest individuals to achieve our mission. We are currently seeking candidates for physical therapist jobs, physical therapy clinic staff, hand therapy jobs, sports medicine jobs, athletic training [&hellip;]<\/p>\n","protected":false},"author":1,"featured_media":0,"parent":0,"menu_order":0,"comment_status":"closed","ping_status":"closed","template":"","meta":{"om_disable_all_campaigns":false,"_monsterinsights_skip_tracking":false,"_monsterinsights_sitenote_active":false,"_monsterinsights_sitenote_note":"","_monsterinsights_sitenote_category":0,"footnotes":""},"class_list":["post-8118","page","type-page","status-publish","hentry"],"acf":[],"aioseo_notices":[],"_links":{"self":[{"href":"https:\/\/auronovophysio.com\/es\/wp-json\/wp\/v2\/pages\/8118","targetHints":{"allow":["GET"]}}],"collection":[{"href":"https:\/\/auronovophysio.com\/es\/wp-json\/wp\/v2\/pages"}],"about":[{"href":"https:\/\/auronovophysio.com\/es\/wp-json\/wp\/v2\/types\/page"}],"author":[{"embeddable":true,"href":"https:\/\/auronovophysio.com\/es\/wp-json\/wp\/v2\/users\/1"}],"replies":[{"embeddable":true,"href":"https:\/\/auronovophysio.com\/es\/wp-json\/wp\/v2\/comments?post=8118"}],"version-history":[{"count":5,"href":"https:\/\/auronovophysio.com\/es\/wp-json\/wp\/v2\/pages\/8118\/revisions"}],"predecessor-version":[{"id":8913,"href":"https:\/\/auronovophysio.com\/es\/wp-json\/wp\/v2\/pages\/8118\/revisions\/8913"}],"wp:attachment":[{"href":"https:\/\/auronovophysio.com\/es\/wp-json\/wp\/v2\/media?parent=8118"}],"curies":[{"name":"wp","href":"https:\/\/api.w.org\/{rel}","templated":true}]}}