{"id":8053,"date":"2021-09-03T16:14:18","date_gmt":"2021-09-03T16:14:18","guid":{"rendered":"https:\/\/export-demos.qreativethemes.com\/elementor-physio\/?page_id=8053"},"modified":"2025-03-10T16:14:33","modified_gmt":"2025-03-10T16:14:33","slug":"chiropractic-care","status":"publish","type":"page","link":"https:\/\/auronovophysio.com\/es\/services\/chiropractic-care\/","title":{"rendered":"Atenci\u00f3n quiropr\u00e1ctica"},"content":{"rendered":"<div data-elementor-type=\"wp-page\" data-elementor-id=\"8053\" class=\"elementor elementor-8053\">\n\t\t\t\t\t\t<section class=\"elementor-section elementor-top-section elementor-element elementor-element-2960804 elementor-section-boxed elementor-section-height-default elementor-section-height-default\" data-id=\"2960804\" data-element_type=\"section\" data-e-type=\"section\">\n\t\t\t\t\t\t<div class=\"elementor-container elementor-column-gap-default\">\n\t\t\t\t\t<div class=\"elementor-column elementor-col-100 elementor-top-column elementor-element elementor-element-caf03a3\" data-id=\"caf03a3\" data-element_type=\"column\" data-e-type=\"column\">\n\t\t\t<div class=\"elementor-widget-wrap elementor-element-populated\">\n\t\t\t\t\t\t<div class=\"elementor-element elementor-element-a30c2c8 elementor-widget elementor-widget-text-editor\" data-id=\"a30c2c8\" data-element_type=\"widget\" data-e-type=\"widget\" data-widget_type=\"text-editor.default\">\n\t\t\t\t<div class=\"elementor-widget-container\">\n\t\t\t\t\t\t\t\t\tLa quiropr\u00e1ctica es una profesi\u00f3n de atenci\u00f3n m\u00e9dica de contacto primario con conocimiento experto en salud espinal y musculoesquel\u00e9tica, que enfatiza el diagn\u00f3stico diferencial, la atenci\u00f3n centrada en el paciente, los principios cient\u00edficos y la investigaci\u00f3n. \t\t\t\t\t\t\t\t<\/div>\n\t\t\t\t<\/div>\n\t\t\t\t\t<\/div>\n\t\t<\/div>\n\t\t\t\t\t<\/div>\n\t\t<\/section>\n\t\t\t\t<section class=\"elementor-section elementor-top-section elementor-element elementor-element-9a8a6ae elementor-section-boxed elementor-section-height-default elementor-section-height-default\" data-id=\"9a8a6ae\" data-element_type=\"section\" data-e-type=\"section\">\n\t\t\t\t\t\t<div class=\"elementor-container elementor-column-gap-default\">\n\t\t\t\t\t<div class=\"elementor-column elementor-col-100 elementor-top-column elementor-element elementor-element-6c98342\" data-id=\"6c98342\" data-element_type=\"column\" data-e-type=\"column\">\n\t\t\t<div class=\"elementor-widget-wrap elementor-element-populated\">\n\t\t\t\t\t\t<div class=\"elementor-element elementor-element-a43896d elementor-widget-divider--view-line elementor-widget elementor-widget-divider\" data-id=\"a43896d\" data-element_type=\"widget\" data-e-type=\"widget\" data-widget_type=\"divider.default\">\n\t\t\t\t<div class=\"elementor-widget-container\">\n\t\t\t\t\t\t\t<div class=\"elementor-divider\">\n\t\t\t<span class=\"elementor-divider-separator\">\n\t\t\t\t\t\t<\/span>\n\t\t<\/div>\n\t\t\t\t\t\t<\/div>\n\t\t\t\t<\/div>\n\t\t\t\t\t<\/div>\n\t\t<\/div>\n\t\t\t\t\t<\/div>\n\t\t<\/section>\n\t\t\t\t<section class=\"elementor-section elementor-top-section elementor-element elementor-element-9cbbfaa elementor-section-boxed elementor-section-height-default elementor-section-height-default\" data-id=\"9cbbfaa\" data-element_type=\"section\" data-e-type=\"section\">\n\t\t\t\t\t\t<div class=\"elementor-container elementor-column-gap-extended\">\n\t\t\t\t\t<div class=\"elementor-column elementor-col-50 elementor-top-column elementor-element elementor-element-eb96f66\" data-id=\"eb96f66\" data-element_type=\"column\" data-e-type=\"column\">\n\t\t\t<div class=\"elementor-widget-wrap elementor-element-populated\">\n\t\t\t\t\t\t<div class=\"elementor-element elementor-element-9ebd5e3 elementor-widget elementor-widget-image\" data-id=\"9ebd5e3\" data-element_type=\"widget\" data-e-type=\"widget\" data-widget_type=\"image.default\">\n\t\t\t\t<div class=\"elementor-widget-container\">\n\t\t\t\t\t\t\t\t\t\t\t\t\t\t\t<img fetchpriority=\"high\" decoding=\"async\" width=\"850\" height=\"567\" src=\"https:\/\/auronovophysio.com\/wp-content\/uploads\/2022\/11\/frameB850x567jpg.jpg\" class=\"attachment-large size-large wp-image-8221\" alt=\"\" srcset=\"https:\/\/auronovophysio.com\/wp-content\/uploads\/2022\/11\/frameB850x567jpg.jpg 850w, https:\/\/auronovophysio.com\/wp-content\/uploads\/2022\/11\/frameB850x567jpg-300x200.jpg 300w, https:\/\/auronovophysio.com\/wp-content\/uploads\/2022\/11\/frameB850x567jpg-768x512.jpg 768w, https:\/\/auronovophysio.com\/wp-content\/uploads\/2022\/11\/frameB850x567jpg-360x240.jpg 360w, https:\/\/auronovophysio.com\/wp-content\/uploads\/2022\/11\/frameB850x567jpg-600x400.jpg 600w\" sizes=\"(max-width: 850px) 100vw, 850px\" title=\"frameB850x567jpg - Auronovo Terapia F\u00edsica y Rehabilitaci\u00f3n.\" \/>\t\t\t\t\t\t\t\t\t\t\t\t\t\t\t<\/div>\n\t\t\t\t<\/div>\n\t\t\t\t<div class=\"elementor-element elementor-element-302ae18 elementor-hidden-desktop elementor-hidden-tablet elementor-hidden-mobile elementor-widget elementor-widget-image\" data-id=\"302ae18\" data-element_type=\"widget\" data-e-type=\"widget\" data-widget_type=\"image.default\">\n\t\t\t\t<div class=\"elementor-widget-container\">\n\t\t\t\t\t\t\t\t\t\t\t\t\t\t\t<img fetchpriority=\"high\" decoding=\"async\" width=\"850\" height=\"567\" src=\"https:\/\/auronovophysio.com\/wp-content\/uploads\/2022\/11\/frameB850x567jpg.jpg\" class=\"attachment-large size-large wp-image-8221\" alt=\"\" srcset=\"https:\/\/auronovophysio.com\/wp-content\/uploads\/2022\/11\/frameB850x567jpg.jpg 850w, https:\/\/auronovophysio.com\/wp-content\/uploads\/2022\/11\/frameB850x567jpg-300x200.jpg 300w, https:\/\/auronovophysio.com\/wp-content\/uploads\/2022\/11\/frameB850x567jpg-768x512.jpg 768w, https:\/\/auronovophysio.com\/wp-content\/uploads\/2022\/11\/frameB850x567jpg-360x240.jpg 360w, https:\/\/auronovophysio.com\/wp-content\/uploads\/2022\/11\/frameB850x567jpg-600x400.jpg 600w\" sizes=\"(max-width: 850px) 100vw, 850px\" title=\"frameB850x567jpg - Auronovo Terapia F\u00edsica y Rehabilitaci\u00f3n.\" \/>\t\t\t\t\t\t\t\t\t\t\t\t\t\t\t<\/div>\n\t\t\t\t<\/div>\n\t\t\t\t\t<\/div>\n\t\t<\/div>\n\t\t\t\t<div class=\"elementor-column elementor-col-50 elementor-top-column elementor-element elementor-element-6ca4ba3\" data-id=\"6ca4ba3\" data-element_type=\"column\" data-e-type=\"column\">\n\t\t\t<div class=\"elementor-widget-wrap elementor-element-populated\">\n\t\t\t\t\t\t<div class=\"elementor-element elementor-element-b57454b elementor-widget elementor-widget-text-editor\" data-id=\"b57454b\" data-element_type=\"widget\" data-e-type=\"widget\" data-widget_type=\"text-editor.default\">\n\t\t\t\t<div class=\"elementor-widget-container\">\n\t\t\t\t\t\t\t\t\t<p>Chiropractic has evolved and grown beyond the use of spinal manipulation to include many other types of evidence-based, and practical assessment tools to acquire outcome measures for movement and functional capacity, knowledge in nutrition, biomechanics, and exercise physiology, as well as manual <a href=\"https:\/\/auronovophysio.com\/es\/\"><strong>therapies<\/strong><\/a>, including but not limited to comprehensive soft-tissue techniques, joint training systems, joint mobilizations, acupuncture or dry needling, specific modalities, etc, all to facilitate the conditions of exercise rehabilitation, in order to optimize <a href=\"https:\/\/positivepsychology.com\/healthy-coping-mechanisms\/\"><strong>healthy adaptive<\/strong><\/a> change and reduce pain in the area of complaint.<\/p>\t\t\t\t\t\t\t\t<\/div>\n\t\t\t\t<\/div>\n\t\t\t\t<div class=\"elementor-element elementor-element-f3006f8 elementor-hidden-desktop elementor-hidden-tablet elementor-hidden-mobile elementor-widget elementor-widget-text-editor\" data-id=\"f3006f8\" data-element_type=\"widget\" data-e-type=\"widget\" data-widget_type=\"text-editor.default\">\n\t\t\t\t<div class=\"elementor-widget-container\">\n\t\t\t\t\t\t\t\t\t<p><strong><span style=\"color: #56afd5;\">Equipo especial de Pilates<\/span><\/strong><\/p><p>Utilizamos una combinaci\u00f3n de equipos especializados que incluyen reformadores de Pilates, mesas de trapecio, pelotas de ajuste, rodillos de espuma y m\u00e1s. Este equipo est\u00e1 dise\u00f1ado espec\u00edficamente para Pilates cl\u00ednico, promoviendo la t\u00e9cnica correcta, los niveles de resistencia apropiados y ejercicios espec\u00edficos para que realmente pueda trabajar sus \u00e1reas clave y ver resultados.<\/p><p>Nuestros instructores tambi\u00e9n dedican m\u00e1s tiempo a ense\u00f1ar t\u00e9cnicas clave de contracci\u00f3n muscular, lo que le permite sacar m\u00e1s provecho de cada sesi\u00f3n de ejercicios de Pilates.<\/p>\t\t\t\t\t\t\t\t<\/div>\n\t\t\t\t<\/div>\n\t\t\t\t\t<\/div>\n\t\t<\/div>\n\t\t\t\t\t<\/div>\n\t\t<\/section>\n\t\t\t\t<\/div>","protected":false},"excerpt":{"rendered":"<p>Chiropractic is a primary contact health care profession with expert knowledge in spinal and musculoskeletal health, emphasizing differential diagnosis, patient-centered care, scientific principles and research. Chiropractic has evolved and grown beyond the use of spinal manipulation to include many other types of evidence-based, and practical assessment tools to acquire outcome measures for movement and functional [&hellip;]<\/p>\n","protected":false},"author":1,"featured_media":8221,"parent":8030,"menu_order":0,"comment_status":"closed","ping_status":"closed","template":"","meta":{"om_disable_all_campaigns":false,"_monsterinsights_skip_tracking":false,"_monsterinsights_sitenote_active":false,"_monsterinsights_sitenote_note":"","_monsterinsights_sitenote_category":0,"footnotes":""},"class_list":["post-8053","page","type-page","status-publish","has-post-thumbnail","hentry"],"acf":[],"aioseo_notices":[],"_links":{"self":[{"href":"https:\/\/auronovophysio.com\/es\/wp-json\/wp\/v2\/pages\/8053","targetHints":{"allow":["GET"]}}],"collection":[{"href":"https:\/\/auronovophysio.com\/es\/wp-json\/wp\/v2\/pages"}],"about":[{"href":"https:\/\/auronovophysio.com\/es\/wp-json\/wp\/v2\/types\/page"}],"author":[{"embeddable":true,"href":"https:\/\/auronovophysio.com\/es\/wp-json\/wp\/v2\/users\/1"}],"replies":[{"embeddable":true,"href":"https:\/\/auronovophysio.com\/es\/wp-json\/wp\/v2\/comments?post=8053"}],"version-history":[{"count":19,"href":"https:\/\/auronovophysio.com\/es\/wp-json\/wp\/v2\/pages\/8053\/revisions"}],"predecessor-version":[{"id":8948,"href":"https:\/\/auronovophysio.com\/es\/wp-json\/wp\/v2\/pages\/8053\/revisions\/8948"}],"up":[{"embeddable":true,"href":"https:\/\/auronovophysio.com\/es\/wp-json\/wp\/v2\/pages\/8030"}],"wp:featuredmedia":[{"embeddable":true,"href":"https:\/\/auronovophysio.com\/es\/wp-json\/wp\/v2\/media\/8221"}],"wp:attachment":[{"href":"https:\/\/auronovophysio.com\/es\/wp-json\/wp\/v2\/media?parent=8053"}],"curies":[{"name":"wp","href":"https:\/\/api.w.org\/{rel}","templated":true}]}}