{"id":8043,"date":"2021-09-03T15:58:46","date_gmt":"2021-09-03T15:58:46","guid":{"rendered":"https:\/\/export-demos.qreativethemes.com\/elementor-physio\/?page_id=8043"},"modified":"2025-03-10T16:04:28","modified_gmt":"2025-03-10T16:04:28","slug":"physical-therapy","status":"publish","type":"page","link":"https:\/\/auronovophysio.com\/es\/services\/physical-therapy\/","title":{"rendered":"Terapia f\u00edsica"},"content":{"rendered":"<div data-elementor-type=\"wp-page\" data-elementor-id=\"8043\" class=\"elementor elementor-8043\">\n\t\t\t\t\t\t<section class=\"elementor-section elementor-top-section elementor-element elementor-element-72bf310 elementor-section-boxed elementor-section-height-default elementor-section-height-default\" data-id=\"72bf310\" data-element_type=\"section\" data-e-type=\"section\">\n\t\t\t\t\t\t<div class=\"elementor-container elementor-column-gap-default\">\n\t\t\t\t\t<div class=\"elementor-column elementor-col-100 elementor-top-column elementor-element elementor-element-71378e6\" data-id=\"71378e6\" data-element_type=\"column\" data-e-type=\"column\">\n\t\t\t<div class=\"elementor-widget-wrap elementor-element-populated\">\n\t\t\t\t\t\t<div class=\"elementor-element elementor-element-4aa8aa9 elementor-widget elementor-widget-text-editor\" data-id=\"4aa8aa9\" data-element_type=\"widget\" data-e-type=\"widget\" data-widget_type=\"text-editor.default\">\n\t\t\t\t<div class=\"elementor-widget-container\">\n\t\t\t\t\t\t\t\t\t<p>Our PTs and RTAs are highly trained and skilled in pain management, physical rehabilitation, movement and functional restoration. <a href=\"https:\/\/auronovophysio.com\/es\/\"><strong>Fisioterapia<\/strong><\/a> includes but is not limited to hands-on manual therapy, exercise prescriptions, use of physical modalities including laser, shockwave, interferential current, therapeutic Ultrasound, hold, and cold pack. Health education is an integral part of our Physical therapy procedures. At your Physiotherapy sessions, your PT will follow clinical guidelines for assessment in order to make a personalized treatment plan. Your PT is also your Physical and Movement rehabilitation specialist.<\/p>\t\t\t\t\t\t\t\t<\/div>\n\t\t\t\t<\/div>\n\t\t\t\t\t<\/div>\n\t\t<\/div>\n\t\t\t\t\t<\/div>\n\t\t<\/section>\n\t\t\t\t<section class=\"elementor-section elementor-top-section elementor-element elementor-element-9e0d5d2 elementor-section-boxed elementor-section-height-default elementor-section-height-default\" data-id=\"9e0d5d2\" data-element_type=\"section\" data-e-type=\"section\">\n\t\t\t\t\t\t<div class=\"elementor-container elementor-column-gap-extended\">\n\t\t\t\t\t<div class=\"elementor-column elementor-col-50 elementor-top-column elementor-element elementor-element-8ddd175\" data-id=\"8ddd175\" data-element_type=\"column\" data-e-type=\"column\">\n\t\t\t<div class=\"elementor-widget-wrap elementor-element-populated\">\n\t\t\t\t\t\t<div class=\"elementor-element elementor-element-a3a312c elementor-widget elementor-widget-image\" data-id=\"a3a312c\" data-element_type=\"widget\" data-e-type=\"widget\" data-widget_type=\"image.default\">\n\t\t\t\t<div class=\"elementor-widget-container\">\n\t\t\t\t\t\t\t\t\t\t\t\t\t\t\t<img fetchpriority=\"high\" decoding=\"async\" width=\"2560\" height=\"1707\" src=\"https:\/\/auronovophysio.com\/wp-content\/uploads\/2022\/11\/pexels-kampus-production-6111616-scaled.jpg\" class=\"attachment-full size-full wp-image-8584\" alt=\"\" srcset=\"https:\/\/auronovophysio.com\/wp-content\/uploads\/2022\/11\/pexels-kampus-production-6111616-scaled.jpg 2560w, https:\/\/auronovophysio.com\/wp-content\/uploads\/2022\/11\/pexels-kampus-production-6111616-300x200.jpg 300w, https:\/\/auronovophysio.com\/wp-content\/uploads\/2022\/11\/pexels-kampus-production-6111616-1024x683.jpg 1024w, https:\/\/auronovophysio.com\/wp-content\/uploads\/2022\/11\/pexels-kampus-production-6111616-768x512.jpg 768w, https:\/\/auronovophysio.com\/wp-content\/uploads\/2022\/11\/pexels-kampus-production-6111616-1536x1024.jpg 1536w, https:\/\/auronovophysio.com\/wp-content\/uploads\/2022\/11\/pexels-kampus-production-6111616-2048x1365.jpg 2048w, https:\/\/auronovophysio.com\/wp-content\/uploads\/2022\/11\/pexels-kampus-production-6111616-360x240.jpg 360w, https:\/\/auronovophysio.com\/wp-content\/uploads\/2022\/11\/pexels-kampus-production-6111616-850x567.jpg 850w, https:\/\/auronovophysio.com\/wp-content\/uploads\/2022\/11\/pexels-kampus-production-6111616-600x400.jpg 600w\" sizes=\"(max-width: 2560px) 100vw, 2560px\" title=\"pexels-kampus-production-6111616 - Auronovo Physical Therapy &amp; Rehabilitation.\" \/>\t\t\t\t\t\t\t\t\t\t\t\t\t\t\t<\/div>\n\t\t\t\t<\/div>\n\t\t\t\t<div class=\"elementor-element elementor-element-ab8e67e elementor-widget elementor-widget-image\" data-id=\"ab8e67e\" data-element_type=\"widget\" data-e-type=\"widget\" data-widget_type=\"image.default\">\n\t\t\t\t<div class=\"elementor-widget-container\">\n\t\t\t\t\t\t\t\t\t\t\t\t\t\t\t<img decoding=\"async\" width=\"2560\" height=\"1707\" src=\"https:\/\/auronovophysio.com\/wp-content\/uploads\/2022\/11\/pexels-mikhail-nilov-6740304-scaled.jpg\" class=\"attachment-full size-full wp-image-8583\" alt=\"\" srcset=\"https:\/\/auronovophysio.com\/wp-content\/uploads\/2022\/11\/pexels-mikhail-nilov-6740304-scaled.jpg 2560w, https:\/\/auronovophysio.com\/wp-content\/uploads\/2022\/11\/pexels-mikhail-nilov-6740304-300x200.jpg 300w, https:\/\/auronovophysio.com\/wp-content\/uploads\/2022\/11\/pexels-mikhail-nilov-6740304-1024x683.jpg 1024w, https:\/\/auronovophysio.com\/wp-content\/uploads\/2022\/11\/pexels-mikhail-nilov-6740304-768x512.jpg 768w, https:\/\/auronovophysio.com\/wp-content\/uploads\/2022\/11\/pexels-mikhail-nilov-6740304-1536x1024.jpg 1536w, https:\/\/auronovophysio.com\/wp-content\/uploads\/2022\/11\/pexels-mikhail-nilov-6740304-2048x1365.jpg 2048w, https:\/\/auronovophysio.com\/wp-content\/uploads\/2022\/11\/pexels-mikhail-nilov-6740304-360x240.jpg 360w, https:\/\/auronovophysio.com\/wp-content\/uploads\/2022\/11\/pexels-mikhail-nilov-6740304-850x567.jpg 850w, https:\/\/auronovophysio.com\/wp-content\/uploads\/2022\/11\/pexels-mikhail-nilov-6740304-600x400.jpg 600w\" sizes=\"(max-width: 2560px) 100vw, 2560px\" title=\"pexels-mikhail-nilov-6740304 - Auronovo Physical Therapy &amp; Rehabilitation.\" \/>\t\t\t\t\t\t\t\t\t\t\t\t\t\t\t<\/div>\n\t\t\t\t<\/div>\n\t\t\t\t\t<\/div>\n\t\t<\/div>\n\t\t\t\t<div class=\"elementor-column elementor-col-50 elementor-top-column elementor-element elementor-element-610998e\" data-id=\"610998e\" data-element_type=\"column\" data-e-type=\"column\">\n\t\t\t<div class=\"elementor-widget-wrap elementor-element-populated\">\n\t\t\t\t\t\t<div class=\"elementor-element elementor-element-a45fbc9 elementor-widget elementor-widget-text-editor\" data-id=\"a45fbc9\" data-element_type=\"widget\" data-e-type=\"widget\" data-widget_type=\"text-editor.default\">\n\t\t\t\t<div class=\"elementor-widget-container\">\n\t\t\t\t\t\t\t\t\t<p><strong><span style=\"color: #56afd5;\">Brindamos servicios de Fisioterapia<\/span><\/strong><\/p><p>Su fisioterapia personal comienza con una evaluaci\u00f3n integral de las limitaciones funcionales y las \u00e1reas de dolor. Nuestro equipo de fisioterapeutas expertos dise\u00f1ar\u00e1 un plan de tratamiento basado en sus necesidades y objetivos relacionados con el trabajo. Tomamos un enfoque de equipo y consultaremos con su empleador y administrador de casos, si es necesario. A lo largo de su tratamiento, trabajaremos arduamente para ayudarlo a regresar a todas sus actividades funcionales normales.<\/p><p>Cuando est\u00e9 listo para el alta, recibir\u00e1 un programa personalizado de ejercicios en el hogar que le permitir\u00e1 mantenerse saludable en el trabajo y mejorar a\u00fan m\u00e1s su rehabilitaci\u00f3n.<\/p>\t\t\t\t\t\t\t\t<\/div>\n\t\t\t\t<\/div>\n\t\t\t\t<div class=\"elementor-element elementor-element-d8472f6 elementor-widget elementor-widget-text-editor\" data-id=\"d8472f6\" data-element_type=\"widget\" data-e-type=\"widget\" data-widget_type=\"text-editor.default\">\n\t\t\t\t<div class=\"elementor-widget-container\">\n\t\t\t\t\t\t\t\t\t<p><strong><span style=\"color: #56afd5;\">Nuestros servicios incluyen todos los tipos y tama\u00f1os<\/span><\/strong><\/p><p>Tomamos un enfoque de equipo y consultaremos con su empleador y administrador de casos, si es necesario. A lo largo de su tratamiento, trabajaremos arduamente para ayudarlo a regresar a todas sus actividades funcionales normales. Cuando est\u00e9 listo para el alta, recibir\u00e1 un programa personalizado de ejercicios en el hogar que le permitir\u00e1 mantenerse saludable.<\/p><p>Our experienced team of physiotherapists will perform a comprehensive assessment, including postural and <a href=\"https:\/\/www.physio.co.uk\/treatments\/physiotherapy\/biomechanical-assessment.php\"><strong>biomechanical assessments<\/strong><\/a>, to diagnose your problem.<\/p>\t\t\t\t\t\t\t\t<\/div>\n\t\t\t\t<\/div>\n\t\t\t\t\t<\/div>\n\t\t<\/div>\n\t\t\t\t\t<\/div>\n\t\t<\/section>\n\t\t\t\t<\/div>","protected":false},"excerpt":{"rendered":"<p>Our PTs and RTAs are highly trained and skilled in pain management, physical rehabilitation, movement and functional restoration. Physiotherapy includes but is not limited to hands-on manual therapy, exercise prescriptions, use of physical modalities including laser, shockwave, interferential current, therapeutic Ultrasound, hold, and cold pack. Health education is an integral part of our Physical therapy [&hellip;]<\/p>\n","protected":false},"author":1,"featured_media":8222,"parent":8030,"menu_order":0,"comment_status":"closed","ping_status":"closed","template":"","meta":{"om_disable_all_campaigns":false,"_monsterinsights_skip_tracking":false,"_monsterinsights_sitenote_active":false,"_monsterinsights_sitenote_note":"","_monsterinsights_sitenote_category":0,"footnotes":""},"class_list":["post-8043","page","type-page","status-publish","has-post-thumbnail","hentry"],"acf":[],"aioseo_notices":[],"_links":{"self":[{"href":"https:\/\/auronovophysio.com\/es\/wp-json\/wp\/v2\/pages\/8043","targetHints":{"allow":["GET"]}}],"collection":[{"href":"https:\/\/auronovophysio.com\/es\/wp-json\/wp\/v2\/pages"}],"about":[{"href":"https:\/\/auronovophysio.com\/es\/wp-json\/wp\/v2\/types\/page"}],"author":[{"embeddable":true,"href":"https:\/\/auronovophysio.com\/es\/wp-json\/wp\/v2\/users\/1"}],"replies":[{"embeddable":true,"href":"https:\/\/auronovophysio.com\/es\/wp-json\/wp\/v2\/comments?post=8043"}],"version-history":[{"count":15,"href":"https:\/\/auronovophysio.com\/es\/wp-json\/wp\/v2\/pages\/8043\/revisions"}],"predecessor-version":[{"id":8939,"href":"https:\/\/auronovophysio.com\/es\/wp-json\/wp\/v2\/pages\/8043\/revisions\/8939"}],"up":[{"embeddable":true,"href":"https:\/\/auronovophysio.com\/es\/wp-json\/wp\/v2\/pages\/8030"}],"wp:featuredmedia":[{"embeddable":true,"href":"https:\/\/auronovophysio.com\/es\/wp-json\/wp\/v2\/media\/8222"}],"wp:attachment":[{"href":"https:\/\/auronovophysio.com\/es\/wp-json\/wp\/v2\/media?parent=8043"}],"curies":[{"name":"wp","href":"https:\/\/api.w.org\/{rel}","templated":true}]}}