{"id":8030,"date":"2021-09-03T15:54:29","date_gmt":"2021-09-03T15:54:29","guid":{"rendered":"https:\/\/export-demos.qreativethemes.com\/elementor-physio\/?page_id=8030"},"modified":"2023-01-17T04:09:22","modified_gmt":"2023-01-17T04:09:22","slug":"services","status":"publish","type":"page","link":"https:\/\/auronovophysio.com\/es\/services\/","title":{"rendered":"Servicios"},"content":{"rendered":"<div data-elementor-type=\"wp-page\" data-elementor-id=\"8030\" class=\"elementor elementor-8030\">\n\t\t\t\t\t\t<section class=\"elementor-section elementor-top-section elementor-element elementor-element-6e7a386 elementor-section-boxed elementor-section-height-default elementor-section-height-default\" data-id=\"6e7a386\" data-element_type=\"section\" data-e-type=\"section\">\n\t\t\t\t\t\t<div class=\"elementor-container elementor-column-gap-extended\">\n\t\t\t\t\t<div class=\"elementor-column elementor-col-33 elementor-top-column elementor-element elementor-element-0312aa6\" data-id=\"0312aa6\" data-element_type=\"column\" data-e-type=\"column\">\n\t\t\t<div class=\"elementor-widget-wrap elementor-element-populated\">\n\t\t\t\t\t\t<div class=\"elementor-element elementor-element-0012ca9 elementor-widget elementor-widget-qt-featured-page\" data-id=\"0012ca9\" data-element_type=\"widget\" data-e-type=\"widget\" data-widget_type=\"qt-featured-page.default\">\n\t\t\t\t<div class=\"elementor-widget-container\">\n\t\t\t\t\t\n        \n            <div class=\"featured-page\">\n                                \n                                    <div class=\"featured-page--image\">\n                        <a href=\"https:\/\/auronovophysio.com\/es\/services\/physical-therapy\/\">\n                            <img fetchpriority=\"high\" decoding=\"async\" width=\"360\" height=\"240\" src=\"https:\/\/auronovophysio.com\/wp-content\/uploads\/2022\/11\/frameA850x567jpg-360x240.jpg\" class=\"attachment-physio-qt-featured-s size-physio-qt-featured-s\" alt=\"Physical Therapy\" srcset=\"https:\/\/auronovophysio.com\/wp-content\/uploads\/2022\/11\/frameA850x567jpg-360x240.jpg 360w, https:\/\/auronovophysio.com\/wp-content\/uploads\/2022\/11\/frameA850x567jpg-300x200.jpg 300w, https:\/\/auronovophysio.com\/wp-content\/uploads\/2022\/11\/frameA850x567jpg-768x512.jpg 768w, https:\/\/auronovophysio.com\/wp-content\/uploads\/2022\/11\/frameA850x567jpg-600x400.jpg 600w, https:\/\/auronovophysio.com\/wp-content\/uploads\/2022\/11\/frameA850x567jpg.jpg 850w\" sizes=\"(min-width: 781px) 360px, calc(100vw - 30px)\" \/>                                                            <div class=\"featured-page--overlay\">\n                                    <div class=\"overlay--center\">\n                                        <span>Saber m\u00e1s<\/span>\n                                    <\/div>\n                                <\/div>\n                                                    <\/a>\n                    <\/div>\n                \n                <div class=\"featured-page--content\">\n\n                    <h5 class=\"featued-page--title\">\n                        <a href=\"https:\/\/auronovophysio.com\/es\/services\/physical-therapy\/\">Terapia f\u00edsica<\/a>\n                    <\/h5>\n\n                                            <p>Nuestros PT y RTA est\u00e1n altamente capacitados y capacitados en el manejo del dolor, la rehabilitaci\u00f3n f\u00edsica, el movimiento y la restauraci\u00f3n funcional. La fisioterapia incluye, entre otros, pr\u00e1cticas...<\/p>\n                    \n                                            <a href=\"https:\/\/auronovophysio.com\/es\/services\/physical-therapy\/\" class=\"text-link\">Saber m\u00e1s<\/a>\n                    \n                <\/div>\n                \n            <\/div>\n\n        \n    \t\t\t\t<\/div>\n\t\t\t\t<\/div>\n\t\t\t\t\t<\/div>\n\t\t<\/div>\n\t\t\t\t<div class=\"elementor-column elementor-col-33 elementor-top-column elementor-element elementor-element-5515f67\" data-id=\"5515f67\" data-element_type=\"column\" data-e-type=\"column\">\n\t\t\t<div class=\"elementor-widget-wrap elementor-element-populated\">\n\t\t\t\t\t\t<div class=\"elementor-element elementor-element-26ce4a6 elementor-widget elementor-widget-qt-featured-page\" data-id=\"26ce4a6\" data-element_type=\"widget\" data-e-type=\"widget\" data-widget_type=\"qt-featured-page.default\">\n\t\t\t\t<div class=\"elementor-widget-container\">\n\t\t\t\t\t\n        \n            <div class=\"featured-page\">\n                                \n                                    <div class=\"featured-page--image\">\n                        <a href=\"https:\/\/auronovophysio.com\/es\/services\/massage-therapy\/\">\n                            <img decoding=\"async\" width=\"360\" height=\"240\" src=\"https:\/\/auronovophysio.com\/wp-content\/uploads\/2022\/11\/image_37-360x240.jpg\" class=\"attachment-physio-qt-featured-s size-physio-qt-featured-s\" alt=\"Massage Therapy\" srcset=\"https:\/\/auronovophysio.com\/wp-content\/uploads\/2022\/11\/image_37-360x240.jpg 360w, https:\/\/auronovophysio.com\/wp-content\/uploads\/2022\/11\/image_37-300x200.jpg 300w, https:\/\/auronovophysio.com\/wp-content\/uploads\/2022\/11\/image_37-768x512.jpg 768w, https:\/\/auronovophysio.com\/wp-content\/uploads\/2022\/11\/image_37-600x400.jpg 600w, https:\/\/auronovophysio.com\/wp-content\/uploads\/2022\/11\/image_37.jpg 850w\" sizes=\"(min-width: 781px) 360px, calc(100vw - 30px)\" \/>                                                            <div class=\"featured-page--overlay\">\n                                    <div class=\"overlay--center\">\n                                        <span>Saber m\u00e1s<\/span>\n                                    <\/div>\n                                <\/div>\n                                                    <\/a>\n                    <\/div>\n                \n                <div class=\"featured-page--content\">\n\n                    <h5 class=\"featued-page--title\">\n                        <a href=\"https:\/\/auronovophysio.com\/es\/services\/massage-therapy\/\">Terapia de Masajes<\/a>\n                    <\/h5>\n\n                                            <p>Este es un enfoque terap\u00e9utico pr\u00e1ctico para la manipulaci\u00f3n de tejidos blandos y profundos que ayuda a facilitar la curaci\u00f3n muscular. La terapia de masaje ayuda a mejorar la circulaci\u00f3n sangu\u00ednea a los tejidos, reduce...<\/p>\n                    \n                                            <a href=\"https:\/\/auronovophysio.com\/es\/services\/massage-therapy\/\" class=\"text-link\">Saber m\u00e1s<\/a>\n                    \n                <\/div>\n                \n            <\/div>\n\n        \n    \t\t\t\t<\/div>\n\t\t\t\t<\/div>\n\t\t\t\t\t<\/div>\n\t\t<\/div>\n\t\t\t\t<div class=\"elementor-column elementor-col-33 elementor-top-column elementor-element elementor-element-188fb29\" data-id=\"188fb29\" data-element_type=\"column\" data-e-type=\"column\">\n\t\t\t<div class=\"elementor-widget-wrap elementor-element-populated\">\n\t\t\t\t\t\t<div class=\"elementor-element elementor-element-afef2bd elementor-widget elementor-widget-qt-featured-page\" data-id=\"afef2bd\" data-element_type=\"widget\" data-e-type=\"widget\" data-widget_type=\"qt-featured-page.default\">\n\t\t\t\t<div class=\"elementor-widget-container\">\n\t\t\t\t\t\n        \n            <div class=\"featured-page\">\n                                \n                                    <div class=\"featured-page--image\">\n                        <a href=\"https:\/\/auronovophysio.com\/es\/services\/acupunture\/\">\n                            <img decoding=\"async\" width=\"360\" height=\"240\" src=\"https:\/\/auronovophysio.com\/wp-content\/uploads\/2022\/11\/BL25_dachangshu-360x240.jpg\" class=\"attachment-physio-qt-featured-s size-physio-qt-featured-s\" alt=\"Acupuncture\" srcset=\"\" sizes=\"(min-width: 781px) 360px, calc(100vw - 30px)\" \/>                                                            <div class=\"featured-page--overlay\">\n                                    <div class=\"overlay--center\">\n                                        <span>Saber m\u00e1s<\/span>\n                                    <\/div>\n                                <\/div>\n                                                    <\/a>\n                    <\/div>\n                \n                <div class=\"featured-page--content\">\n\n                    <h5 class=\"featued-page--title\">\n                        <a href=\"https:\/\/auronovophysio.com\/es\/services\/acupunture\/\">Acupuntura<\/a>\n                    <\/h5>\n\n                                            <p>This involves the application of fine thin needles at strategic points on the body to stimulate nerve, muscles and other tissues for pain relief and normal functioning of the body system.\t\t\n\t\t\t\t\t\t\t\t\t\t\t\t\t\t\t\t\t\t\t\t\t\t\t\t\t\t\t\t\t\t\n\t\t\t\t\t\t\t\t\t\t\t\t\t\t\t\t\t\t\t\t\t\t\t\t\t\t\t\t\t\t\n\t\tAcupunctureInjuries...<\/p>\n                    \n                                            <a href=\"https:\/\/auronovophysio.com\/es\/services\/acupunture\/\" class=\"text-link\">Saber m\u00e1s<\/a>\n                    \n                <\/div>\n                \n            <\/div>\n\n        \n    \t\t\t\t<\/div>\n\t\t\t\t<\/div>\n\t\t\t\t\t<\/div>\n\t\t<\/div>\n\t\t\t\t\t<\/div>\n\t\t<\/section>\n\t\t\t\t<section class=\"elementor-section elementor-top-section elementor-element elementor-element-847e714 elementor-section-boxed elementor-section-height-default elementor-section-height-default\" data-id=\"847e714\" data-element_type=\"section\" data-e-type=\"section\">\n\t\t\t\t\t\t<div class=\"elementor-container elementor-column-gap-extended\">\n\t\t\t\t\t<div class=\"elementor-column elementor-col-33 elementor-top-column elementor-element elementor-element-c49b97a\" data-id=\"c49b97a\" data-element_type=\"column\" data-e-type=\"column\">\n\t\t\t<div class=\"elementor-widget-wrap elementor-element-populated\">\n\t\t\t\t\t\t<div class=\"elementor-element elementor-element-b939a0f elementor-widget elementor-widget-qt-featured-page\" data-id=\"b939a0f\" data-element_type=\"widget\" data-e-type=\"widget\" data-widget_type=\"qt-featured-page.default\">\n\t\t\t\t<div class=\"elementor-widget-container\">\n\t\t\t\t\t\n        \n            <div class=\"featured-page\">\n                                \n                                    <div class=\"featured-page--image\">\n                        <a href=\"https:\/\/auronovophysio.com\/es\/services\/chiropractic-care\/\">\n                            <img loading=\"lazy\" decoding=\"async\" width=\"360\" height=\"240\" src=\"https:\/\/auronovophysio.com\/wp-content\/uploads\/2022\/11\/frameB850x567jpg-360x240.jpg\" class=\"attachment-physio-qt-featured-s size-physio-qt-featured-s\" alt=\"Chiropractic Care\" srcset=\"https:\/\/auronovophysio.com\/wp-content\/uploads\/2022\/11\/frameB850x567jpg-360x240.jpg 360w, https:\/\/auronovophysio.com\/wp-content\/uploads\/2022\/11\/frameB850x567jpg-300x200.jpg 300w, https:\/\/auronovophysio.com\/wp-content\/uploads\/2022\/11\/frameB850x567jpg-768x512.jpg 768w, https:\/\/auronovophysio.com\/wp-content\/uploads\/2022\/11\/frameB850x567jpg-600x400.jpg 600w, https:\/\/auronovophysio.com\/wp-content\/uploads\/2022\/11\/frameB850x567jpg.jpg 850w\" sizes=\"(min-width: 781px) 360px, calc(100vw - 30px)\" \/>                                                            <div class=\"featured-page--overlay\">\n                                    <div class=\"overlay--center\">\n                                        <span>Saber m\u00e1s<\/span>\n                                    <\/div>\n                                <\/div>\n                                                    <\/a>\n                    <\/div>\n                \n                <div class=\"featured-page--content\">\n\n                    <h5 class=\"featued-page--title\">\n                        <a href=\"https:\/\/auronovophysio.com\/es\/services\/chiropractic-care\/\">Atenci\u00f3n quiropr\u00e1ctica<\/a>\n                    <\/h5>\n\n                                            <p>La quiropr\u00e1ctica es una profesi\u00f3n de atenci\u00f3n m\u00e9dica de contacto primario con conocimiento experto en salud espinal y musculoesquel\u00e9tica, que enfatiza el diagn\u00f3stico diferencial, la atenci\u00f3n centrada en el paciente,...<\/p>\n                    \n                                            <a href=\"https:\/\/auronovophysio.com\/es\/services\/chiropractic-care\/\" class=\"text-link\">Saber m\u00e1s<\/a>\n                    \n                <\/div>\n                \n            <\/div>\n\n        \n    \t\t\t\t<\/div>\n\t\t\t\t<\/div>\n\t\t\t\t\t<\/div>\n\t\t<\/div>\n\t\t\t\t<div class=\"elementor-column elementor-col-33 elementor-top-column elementor-element elementor-element-02f146d elementor-hidden-desktop elementor-hidden-tablet elementor-hidden-mobile\" data-id=\"02f146d\" data-element_type=\"column\" data-e-type=\"column\">\n\t\t\t<div class=\"elementor-widget-wrap\">\n\t\t\t\t\t\t\t<\/div>\n\t\t<\/div>\n\t\t\t\t<div class=\"elementor-column elementor-col-33 elementor-top-column elementor-element elementor-element-4d3c827 elementor-hidden-desktop elementor-hidden-tablet elementor-hidden-mobile\" data-id=\"4d3c827\" data-element_type=\"column\" data-e-type=\"column\">\n\t\t\t<div class=\"elementor-widget-wrap\">\n\t\t\t\t\t\t\t<\/div>\n\t\t<\/div>\n\t\t\t\t\t<\/div>\n\t\t<\/section>\n\t\t\t\t<\/div>","protected":false},"excerpt":{"rendered":"<p>Find out More Physical Therapy Our PTs and RTAs are highly trained and skilled in pain management, physical rehabilitation, movement and functional restoration. Physiotherapy includes but is not limited to hands-on&#8230; Find out More Find out More Massage Therapy This is a hands-on therapeutic approach to soft and deep tissue manipulation that helps facilitate muscle [&hellip;]<\/p>\n","protected":false},"author":1,"featured_media":0,"parent":0,"menu_order":0,"comment_status":"closed","ping_status":"closed","template":"","meta":{"om_disable_all_campaigns":false,"_monsterinsights_skip_tracking":false,"_monsterinsights_sitenote_active":false,"_monsterinsights_sitenote_note":"","_monsterinsights_sitenote_category":0,"footnotes":""},"class_list":["post-8030","page","type-page","status-publish","hentry"],"acf":[],"aioseo_notices":[],"_links":{"self":[{"href":"https:\/\/auronovophysio.com\/es\/wp-json\/wp\/v2\/pages\/8030","targetHints":{"allow":["GET"]}}],"collection":[{"href":"https:\/\/auronovophysio.com\/es\/wp-json\/wp\/v2\/pages"}],"about":[{"href":"https:\/\/auronovophysio.com\/es\/wp-json\/wp\/v2\/types\/page"}],"author":[{"embeddable":true,"href":"https:\/\/auronovophysio.com\/es\/wp-json\/wp\/v2\/users\/1"}],"replies":[{"embeddable":true,"href":"https:\/\/auronovophysio.com\/es\/wp-json\/wp\/v2\/comments?post=8030"}],"version-history":[{"count":10,"href":"https:\/\/auronovophysio.com\/es\/wp-json\/wp\/v2\/pages\/8030\/revisions"}],"predecessor-version":[{"id":8771,"href":"https:\/\/auronovophysio.com\/es\/wp-json\/wp\/v2\/pages\/8030\/revisions\/8771"}],"wp:attachment":[{"href":"https:\/\/auronovophysio.com\/es\/wp-json\/wp\/v2\/media?parent=8030"}],"curies":[{"name":"wp","href":"https:\/\/api.w.org\/{rel}","templated":true}]}}