{"id":7975,"date":"2021-09-03T15:21:12","date_gmt":"2021-09-03T15:21:12","guid":{"rendered":"https:\/\/export-demos.qreativethemes.com\/elementor-physio\/?page_id=7975"},"modified":"2023-01-17T04:10:02","modified_gmt":"2023-01-17T04:10:02","slug":"faq-page","status":"publish","type":"page","link":"https:\/\/auronovophysio.com\/es\/faq-page\/","title":{"rendered":"P\u00e1gina de preguntas frecuentes"},"content":{"rendered":"<div data-elementor-type=\"wp-page\" data-elementor-id=\"7975\" class=\"elementor elementor-7975\">\n\t\t\t\t\t\t<section class=\"elementor-section elementor-top-section elementor-element elementor-element-42e9b8c elementor-section-boxed elementor-section-height-default elementor-section-height-default\" data-id=\"42e9b8c\" data-element_type=\"section\" data-e-type=\"section\">\n\t\t\t\t\t\t<div class=\"elementor-container elementor-column-gap-default\">\n\t\t\t\t\t<div class=\"elementor-column elementor-col-100 elementor-top-column elementor-element elementor-element-fcd6367\" data-id=\"fcd6367\" data-element_type=\"column\" data-e-type=\"column\">\n\t\t\t<div class=\"elementor-widget-wrap elementor-element-populated\">\n\t\t\t\t\t\t<div class=\"elementor-element elementor-element-d0a4ead elementor-widget elementor-widget-qt-accordion\" data-id=\"d0a4ead\" data-element_type=\"widget\" data-e-type=\"widget\" data-widget_type=\"qt-accordion.default\">\n\t\t\t\t<div class=\"elementor-widget-container\">\n\t\t\t\t\t\n        <div class=\"panel-group\" id=\"accordion-0\" data-panel=\"accordion-0\">\n\n                            \n                \n                <div class=\"panel\">\n                    <div class=\"panel-heading\">\n                        <h6 class=\"panel-title\">\n                            <a class=\"accordion-toggle\" data-toggle=\"collapse\" data-parent=\"#accordion-0\" href=\"#collapse_0\" aria-expanded=\"true\">\u00bfEn qu\u00e9 se diferencia su cl\u00ednica de las dem\u00e1s?                            <\/a>\n                        <\/h6>\n                    <\/div>\n\n                    <div id=\"collapse_0\" class=\"panel-collapse collapse show\" aria-label=\"\u00bfEn qu\u00e9 se diferencia su cl\u00ednica de las dem\u00e1s?\" data-parent=\"#accordion-0\">\n                        <div class=\"panel-body\"><p>En Auronovo Physical Therapy &amp; Rehabilitation, entendemos la importancia de la fisioterapia en su recuperaci\u00f3n y nos esforzamos todos los d\u00edas para brindarle la mejor atenci\u00f3n que se merece. Creemos que desde el momento en que ingresa a nuestras instalaciones, nuestro tiempo se convierte en su tiempo y dedicamos este tiempo a satisfacer sus necesidades. Por ejemplo; su terapeuta le dar\u00e1 el tiempo adecuado para responder a todas sus preguntas y se tomar\u00e1 el tiempo para explicar sus opciones de tratamiento.<\/p><p>No solo le proporcionamos una p\u00e1gina de ejercicios para trabajar; trabajamos con usted para lograr lo mejor de su programa de ejercicios. La educaci\u00f3n es una parte integral de nuestra cartera de tratamientos; cuando los pacientes est\u00e1n bien informados sobre su condici\u00f3n, es m\u00e1s probable que cooperen con su proveedor de atenci\u00f3n m\u00e9dica.<\/p><\/div>\n                    <\/div>\n                <\/div>\n\n                            \n                \n                <div class=\"panel\">\n                    <div class=\"panel-heading\">\n                        <h6 class=\"panel-title\">\n                            <a class=\"accordion-toggle\" data-toggle=\"collapse\" data-parent=\"#accordion-0\" href=\"#collapse_1\" aria-expanded=\"false\">\u00bfMi compa\u00f1\u00eda de seguros acepta la facturaci\u00f3n directa?                            <\/a>\n                        <\/h6>\n                    <\/div>\n\n                    <div id=\"collapse_1\" class=\"panel-collapse collapse\" aria-label=\"\u00bfMi compa\u00f1\u00eda de seguros acepta la facturaci\u00f3n directa?\" data-parent=\"#accordion-0\">\n                        <div class=\"panel-body\"><p>Ofrecemos facturaci\u00f3n directa a las siguientes compa\u00f1\u00edas de seguros: Alberta Blue Cross, Desjardins Insurance, Great West Life, Sun Life, Green Shield, Industrial Alliance, Johnson Inc., Chamber of Commerce Group Insurance, Standard Life y otras.<\/p><p>Si no est\u00e1 seguro de si la facturaci\u00f3n directa est\u00e1 disponible para su compa\u00f1\u00eda de seguros, ll\u00e1menos a nosotros oa su compa\u00f1\u00eda de seguros para aclararlo. A veces, seg\u00fan el tipo de cobertura o p\u00f3liza que tenga con su compa\u00f1\u00eda de seguros, es posible que deba pagar de su bolsillo y enviar el recibo para el reembolso. La facturaci\u00f3n directa tambi\u00e9n se realiza para todas las lesiones relacionadas con WCB o MVA.<\/p><\/div>\n                    <\/div>\n                <\/div>\n\n                            \n                \n                <div class=\"panel\">\n                    <div class=\"panel-heading\">\n                        <h6 class=\"panel-title\">\n                            <a class=\"accordion-toggle\" data-toggle=\"collapse\" data-parent=\"#accordion-0\" href=\"#collapse_2\" aria-expanded=\"false\">\u00bfQu\u00e9 debo llevar a mi primera cita?                            <\/a>\n                        <\/h6>\n                    <\/div>\n\n                    <div id=\"collapse_2\" class=\"panel-collapse collapse\" aria-label=\"\u00bfQu\u00e9 debo llevar a mi primera cita?\" data-parent=\"#accordion-0\">\n                        <div class=\"panel-body\"><p>Seguro\/tarjeta de salud extendida, su receta o referencia m\u00e9dica si la tiene; La referencia del m\u00e9dico no es obligatoria para la fisioterapia, por lo que si no tiene uno, a\u00fan puede venir para su fisioterapia.<\/p><\/div>\n                    <\/div>\n                <\/div>\n\n                            \n                \n                <div class=\"panel\">\n                    <div class=\"panel-heading\">\n                        <h6 class=\"panel-title\">\n                            <a class=\"accordion-toggle\" data-toggle=\"collapse\" data-parent=\"#accordion-0\" href=\"#collapse_3\" aria-expanded=\"false\">\u00bfQue deberia vestir?                            <\/a>\n                        <\/h6>\n                    <\/div>\n\n                    <div id=\"collapse_3\" class=\"panel-collapse collapse\" aria-label=\"\u00bfQue deberia vestir?\" data-parent=\"#accordion-0\">\n                        <div class=\"panel-body\"><p>Ropa c\u00f3moda que le dar\u00e1 f\u00e1cil acceso a la zona del cuerpo afectada. De preferencia sin joyas.<\/p><\/div>\n                    <\/div>\n                <\/div>\n\n                            \n                \n                <div class=\"panel\">\n                    <div class=\"panel-heading\">\n                        <h6 class=\"panel-title\">\n                            <a class=\"accordion-toggle\" data-toggle=\"collapse\" data-parent=\"#accordion-0\" href=\"#collapse_4\" aria-expanded=\"false\">\u00bfCu\u00e1ndo debo llegar y cu\u00e1nto durar\u00e1 mi sesi\u00f3n?                            <\/a>\n                        <\/h6>\n                    <\/div>\n\n                    <div id=\"collapse_4\" class=\"panel-collapse collapse\" aria-label=\"\u00bfCu\u00e1ndo debo llegar y cu\u00e1nto durar\u00e1 mi sesi\u00f3n?\" data-parent=\"#accordion-0\">\n                        <div class=\"panel-body\"><p>Llegue 15 minutos antes de su cita programada para completar toda la documentaci\u00f3n necesaria. Su valoraci\u00f3n inicial ser\u00e1 de unos 45-60 minutos y las citas posteriores ser\u00e1n de 30-45 minutos. Nuestros pacientes tambi\u00e9n pasar\u00e1n tiempo fuera de este horario para sus ejercicios.<\/p><\/div>\n                    <\/div>\n                <\/div>\n\n                            \n                \n                <div class=\"panel\">\n                    <div class=\"panel-heading\">\n                        <h6 class=\"panel-title\">\n                            <a class=\"accordion-toggle\" data-toggle=\"collapse\" data-parent=\"#accordion-0\" href=\"#collapse_5\" aria-expanded=\"false\">\u00bfQu\u00e9 implicar\u00e1 mi primera cita?                            <\/a>\n                        <\/h6>\n                    <\/div>\n\n                    <div id=\"collapse_5\" class=\"panel-collapse collapse\" aria-label=\"\u00bfQu\u00e9 implicar\u00e1 mi primera cita?\" data-parent=\"#accordion-0\">\n                        <div class=\"panel-body\"><p>Cuando llegue por primera vez, nuestro(s) personal(es) de recepci\u00f3n le dar\u00e1(n) la bienvenida y se le pedir\u00e1 que complete nuestra admisi\u00f3n y otros formularios de seguro. Una vez cumplimentados los formularios, ser\u00e1 atendido por su Fisioterapeuta, quien le realizar\u00e1 su primera valoraci\u00f3n. Esta evaluaci\u00f3n incluir\u00e1 una revisi\u00f3n de su historial m\u00e9dico, pruebas de diagn\u00f3stico y sus quejas actuales. Su terapeuta le explicar\u00e1 el resultado de su evaluaci\u00f3n y las opciones de tratamiento.<\/p><\/div>\n                    <\/div>\n                <\/div>\n\n            \n        <\/div>\n        \n    \t\t\t\t<\/div>\n\t\t\t\t<\/div>\n\t\t\t\t\t<\/div>\n\t\t<\/div>\n\t\t\t\t\t<\/div>\n\t\t<\/section>\n\t\t\t\t<section class=\"elementor-section elementor-top-section elementor-element elementor-element-b5e3f32 elementor-section-boxed elementor-section-height-default elementor-section-height-default\" data-id=\"b5e3f32\" data-element_type=\"section\" data-e-type=\"section\">\n\t\t\t\t\t\t<div class=\"elementor-container elementor-column-gap-extended\">\n\t\t\t\t\t<div class=\"elementor-column elementor-col-33 elementor-top-column elementor-element elementor-element-be1a3ab\" data-id=\"be1a3ab\" data-element_type=\"column\" data-e-type=\"column\">\n\t\t\t<div class=\"elementor-widget-wrap elementor-element-populated\">\n\t\t\t\t\t\t<div class=\"elementor-element elementor-element-d961cd8 elementor-widget elementor-widget-text-editor\" data-id=\"d961cd8\" data-element_type=\"widget\" data-e-type=\"widget\" data-widget_type=\"text-editor.default\">\n\t\t\t\t<div class=\"elementor-widget-container\">\n\t\t\t\t\t\t\t\t\t<h4>\u00bfQu\u00e9 es un fisioterapeuta?<\/h4><p>Los fisioterapeutas tienen formaci\u00f3n universitaria y son expertos en diagn\u00f3stico de lesiones, tratamiento de lesiones, prescripci\u00f3n de ejercicios, prevenci\u00f3n de lesiones, rehabilitaci\u00f3n y muchas otras \u00e1reas del deporte, la salud y el fitness.<\/p>\t\t\t\t\t\t\t\t<\/div>\n\t\t\t\t<\/div>\n\t\t\t\t\t<\/div>\n\t\t<\/div>\n\t\t\t\t<div class=\"elementor-column elementor-col-33 elementor-top-column elementor-element elementor-element-27d0ce5\" data-id=\"27d0ce5\" data-element_type=\"column\" data-e-type=\"column\">\n\t\t\t<div class=\"elementor-widget-wrap elementor-element-populated\">\n\t\t\t\t\t\t<div class=\"elementor-element elementor-element-85f23e5 elementor-widget elementor-widget-text-editor\" data-id=\"85f23e5\" data-element_type=\"widget\" data-e-type=\"widget\" data-widget_type=\"text-editor.default\">\n\t\t\t\t<div class=\"elementor-widget-container\">\n\t\t\t\t\t\t\t\t\t<h4>\u00bfQu\u00e9 necesito llevar?<\/h4><p>Est\u00e9 preparado para proporcionar su historial m\u00e9dico o quir\u00fargico previo. Si los tiene y si son relevantes, traiga informes de tomograf\u00edas\/resonancias magn\u00e9ticas y una lista de medicamentos. Es posible que desee traer pantalones cortos y una camiseta.<\/p>\t\t\t\t\t\t\t\t<\/div>\n\t\t\t\t<\/div>\n\t\t\t\t\t<\/div>\n\t\t<\/div>\n\t\t\t\t<div class=\"elementor-column elementor-col-33 elementor-top-column elementor-element elementor-element-39b7fd4\" data-id=\"39b7fd4\" data-element_type=\"column\" data-e-type=\"column\">\n\t\t\t<div class=\"elementor-widget-wrap elementor-element-populated\">\n\t\t\t\t\t\t<div class=\"elementor-element elementor-element-a6f7158 elementor-widget elementor-widget-text-editor\" data-id=\"a6f7158\" data-element_type=\"widget\" data-e-type=\"widget\" data-widget_type=\"text-editor.default\">\n\t\t\t\t<div class=\"elementor-widget-container\">\n\t\t\t\t\t\t\t\t\t<h4>\u00bfCu\u00e1ntas visitas necesitar\u00e9?<\/h4><p>El n\u00famero de tratamientos variar\u00e1 seg\u00fan el problema y el individuo. Despu\u00e9s de una evaluaci\u00f3n exhaustiva, el fisioterapeuta discutir\u00e1 su plan de tratamiento para el proceso de rehabilitaci\u00f3n.<\/p>\t\t\t\t\t\t\t\t<\/div>\n\t\t\t\t<\/div>\n\t\t\t\t\t<\/div>\n\t\t<\/div>\n\t\t\t\t\t<\/div>\n\t\t<\/section>\n\t\t\t\t<section class=\"elementor-section elementor-top-section elementor-element elementor-element-40959f9 elementor-section-boxed elementor-section-height-default elementor-section-height-default\" data-id=\"40959f9\" data-element_type=\"section\" data-e-type=\"section\">\n\t\t\t\t\t\t<div class=\"elementor-container elementor-column-gap-extended\">\n\t\t\t\t\t<div class=\"elementor-column elementor-col-33 elementor-top-column elementor-element elementor-element-1fa18a9\" data-id=\"1fa18a9\" data-element_type=\"column\" data-e-type=\"column\">\n\t\t\t<div class=\"elementor-widget-wrap elementor-element-populated\">\n\t\t\t\t\t\t<div class=\"elementor-element elementor-element-9e27458 elementor-widget elementor-widget-text-editor\" data-id=\"9e27458\" data-element_type=\"widget\" data-e-type=\"widget\" data-widget_type=\"text-editor.default\">\n\t\t\t\t<div class=\"elementor-widget-container\">\n\t\t\t\t\t\t\t\t\t<h4>\u00bfQu\u00e9 debo usar para mi cita?<\/h4><p>Si estamos tratando sus pies, no se le pedir\u00e1 que se desnude, pero si estamos tratando su columna, estar\u00e1 tan c\u00f3modo y modesto que la ropa interior o incluso un par de pantalones cortos es apropiado.<\/p>\t\t\t\t\t\t\t\t<\/div>\n\t\t\t\t<\/div>\n\t\t\t\t\t<\/div>\n\t\t<\/div>\n\t\t\t\t<div class=\"elementor-column elementor-col-33 elementor-top-column elementor-element elementor-element-b519c06\" data-id=\"b519c06\" data-element_type=\"column\" data-e-type=\"column\">\n\t\t\t<div class=\"elementor-widget-wrap elementor-element-populated\">\n\t\t\t\t\t\t<div class=\"elementor-element elementor-element-60d74e9 elementor-widget elementor-widget-text-editor\" data-id=\"60d74e9\" data-element_type=\"widget\" data-e-type=\"widget\" data-widget_type=\"text-editor.default\">\n\t\t\t\t<div class=\"elementor-widget-container\">\n\t\t\t\t\t\t\t\t\t<h4>\u00bfTengo que ser derivado por un m\u00e9dico?<\/h4><p>No, los fisioterapeutas pueden evaluar y tratar sin la remisi\u00f3n de un m\u00e9dico. Sin embargo, la mayor\u00eda de las aseguradoras de salud requieren la remisi\u00f3n de un m\u00e9dico antes de autorizar la cobertura de los honorarios, algunas solo requieren una llamada telef\u00f3nica.<\/p>\t\t\t\t\t\t\t\t<\/div>\n\t\t\t\t<\/div>\n\t\t\t\t\t<\/div>\n\t\t<\/div>\n\t\t\t\t<div class=\"elementor-column elementor-col-33 elementor-top-column elementor-element elementor-element-a2b6dce\" data-id=\"a2b6dce\" data-element_type=\"column\" data-e-type=\"column\">\n\t\t\t<div class=\"elementor-widget-wrap elementor-element-populated\">\n\t\t\t\t\t\t<div class=\"elementor-element elementor-element-8203d68 elementor-widget elementor-widget-text-editor\" data-id=\"8203d68\" data-element_type=\"widget\" data-e-type=\"widget\" data-widget_type=\"text-editor.default\">\n\t\t\t\t<div class=\"elementor-widget-container\">\n\t\t\t\t\t\t\t\t\t<h4>\u00bfCu\u00e1ntas visitas necesitar\u00e9?<\/h4><p>El n\u00famero de tratamientos variar\u00e1 seg\u00fan el problema y el individuo. Despu\u00e9s de una evaluaci\u00f3n exhaustiva, el fisioterapeuta discutir\u00e1 su plan de tratamiento para el proceso de rehabilitaci\u00f3n.<\/p>\t\t\t\t\t\t\t\t<\/div>\n\t\t\t\t<\/div>\n\t\t\t\t\t<\/div>\n\t\t<\/div>\n\t\t\t\t\t<\/div>\n\t\t<\/section>\n\t\t\t\t<section class=\"elementor-section elementor-top-section elementor-element elementor-element-c991342 elementor-section-boxed elementor-section-height-default elementor-section-height-default\" data-id=\"c991342\" data-element_type=\"section\" data-e-type=\"section\" data-settings=\"{&quot;background_background&quot;:&quot;classic&quot;}\">\n\t\t\t\t\t\t<div class=\"elementor-container elementor-column-gap-default\">\n\t\t\t\t\t<div class=\"elementor-column elementor-col-100 elementor-top-column elementor-element elementor-element-743a9f3\" data-id=\"743a9f3\" data-element_type=\"column\" data-e-type=\"column\">\n\t\t\t<div class=\"elementor-widget-wrap elementor-element-populated\">\n\t\t\t\t\t\t<div class=\"elementor-element elementor-element-bcff63c elementor-align-center elementor-widget elementor-widget-qt-custom-heading\" data-id=\"bcff63c\" data-element_type=\"widget\" data-e-type=\"widget\" data-widget_type=\"qt-custom-heading.default\">\n\t\t\t\t<div class=\"elementor-widget-container\">\n\t\t\t\t\t            <div class=\"custom-heading\">\n                <h2 class=\"widget-title\"><span class=\"normal\">Preguntar<\/span> nosotros una pregunta<\/h2>\n            <\/div>\n        \t\t\t\t<\/div>\n\t\t\t\t<\/div>\n\t\t\t\t<div class=\"elementor-element elementor-element-752dbe5 elementor-widget elementor-widget-text-editor\" data-id=\"752dbe5\" data-element_type=\"widget\" data-e-type=\"widget\" data-widget_type=\"text-editor.default\">\n\t\t\t\t<div class=\"elementor-widget-container\">\n\t\t\t\t\t\t\t\t\t<p style=\"text-align: center;\">Si\u00e9ntase libre de hacer cualquier pregunta relacionada con la fisioterapia por tel\u00e9fono, o env\u00ede su pregunta a trav\u00e9s de este formulario a continuaci\u00f3n. Su mensaje ser\u00e1 enviado directamente a nuestro personal que responder\u00e1 tan pronto como sea posible.<\/p>\t\t\t\t\t\t\t\t<\/div>\n\t\t\t\t<\/div>\n\t\t\t\t<div class=\"elementor-element elementor-element-2f2f672 elementor-widget elementor-widget-qt-contact-form-7\" data-id=\"2f2f672\" data-element_type=\"widget\" data-e-type=\"widget\" data-widget_type=\"qt-contact-form-7.default\">\n\t\t\t\t<div class=\"elementor-widget-container\">\n\t\t\t\t\t\n<div class=\"wpcf7 no-js\" id=\"wpcf7-f7235-o1\" lang=\"en-US\" dir=\"ltr\" data-wpcf7-id=\"7235\">\n<div class=\"screen-reader-response\"><p role=\"status\" aria-live=\"polite\" aria-atomic=\"true\"><\/p> <ul><\/ul><\/div>\n<form action=\"\/es\/wp-json\/wp\/v2\/pages\/7975#wpcf7-f7235-o1\" method=\"post\" class=\"wpcf7-form init\" aria-label=\"Contact form\" novalidate=\"novalidate\" data-status=\"init\" data-trp-original-action=\"\/es\/wp-json\/wp\/v2\/pages\/7975#wpcf7-f7235-o1\">\n<fieldset class=\"hidden-fields-container\"><input type=\"hidden\" name=\"_wpcf7\" value=\"7235\" \/><input type=\"hidden\" name=\"_wpcf7_version\" value=\"6.1.6\" \/><input type=\"hidden\" name=\"_wpcf7_locale\" value=\"en_US\" \/><input type=\"hidden\" name=\"_wpcf7_unit_tag\" value=\"wpcf7-f7235-o1\" \/><input type=\"hidden\" name=\"_wpcf7_container_post\" value=\"0\" \/><input type=\"hidden\" name=\"_wpcf7_posted_data_hash\" value=\"\" \/>\n<\/fieldset>\n<div class=\"questionform white-featured-box\">\n\t<div class=\"row\">\n\t\t<div class=\"col-xs-12 col-md-6\">\n\t\t\t<p><span class=\"wpcf7-form-control-wrap\" data-name=\"your-name\"><input size=\"40\" maxlength=\"400\" class=\"wpcf7-form-control wpcf7-text wpcf7-validates-as-required\" aria-required=\"true\" aria-invalid=\"false\" placeholder=\"Nombre completo *\" value=\"\" type=\"text\" name=\"your-name\" \/><\/span><span class=\"wpcf7-form-control-wrap\" data-name=\"your-email\"><input size=\"40\" maxlength=\"400\" class=\"wpcf7-form-control wpcf7-email wpcf7-validates-as-required wpcf7-text wpcf7-validates-as-email\" aria-required=\"true\" aria-invalid=\"false\" placeholder=\"Direcci\u00f3n de correo electr\u00f3nico *\" value=\"\" type=\"email\" name=\"your-email\" \/><\/span><span class=\"wpcf7-form-control-wrap\" data-name=\"your-phone\"><input size=\"40\" maxlength=\"400\" class=\"wpcf7-form-control wpcf7-tel wpcf7-validates-as-required wpcf7-text wpcf7-validates-as-tel\" aria-required=\"true\" aria-invalid=\"false\" placeholder=\"N\u00famero de tel\u00e9fono *\" value=\"\" type=\"tel\" name=\"your-phone\" \/><\/span><span class=\"wpcf7-form-control-wrap\" data-name=\"answer\"><select class=\"wpcf7-form-control wpcf7-select wpcf7-validates-as-required\" aria-required=\"true\" aria-invalid=\"false\" name=\"answer\"><option value=\"\">Recibir respuesta por:<\/option><option value=\"Phone\">Tel\u00e9fono<\/option><option value=\"By Email\">Por correo electr\u00f3nico<\/option><\/select><\/span>\n\t\t\t<\/p>\n\t\t<\/div>\n\t\t<div class=\"col-xs-12 col-md-6\">\n\t\t\t<p><span class=\"wpcf7-form-control-wrap\" data-name=\"your-subject\"><input size=\"40\" maxlength=\"400\" class=\"wpcf7-form-control wpcf7-text wpcf7-validates-as-required\" aria-required=\"true\" aria-invalid=\"false\" placeholder=\"El tema\" value=\"\" type=\"text\" name=\"your-subject\" \/><\/span><span class=\"wpcf7-form-control-wrap\" data-name=\"your-message\"><textarea cols=\"40\" rows=\"10\" maxlength=\"2000\" class=\"wpcf7-form-control wpcf7-textarea wpcf7-validates-as-required\" aria-required=\"true\" aria-invalid=\"false\" placeholder=\"Escriba su pregunta..\" name=\"your-message\"><\/textarea><\/span><input class=\"wpcf7-form-control wpcf7-submit has-spinner btn btn-primary pull-right fullwidth\" type=\"submit\" value=\"Enviar pregunta\" \/>\n\t\t\t<\/p>\n\t\t<\/div>\n\t<\/div>\n<\/div><div class=\"wpcf7-response-output\" aria-hidden=\"true\"><\/div>\n<input type=\"hidden\" name=\"trp-form-language\" value=\"es\"\/><\/form>\n<\/div>\n\t\t\t\t<\/div>\n\t\t\t\t<\/div>\n\t\t\t\t\t<\/div>\n\t\t<\/div>\n\t\t\t\t\t<\/div>\n\t\t<\/section>\n\t\t\t\t<\/div>","protected":false},"excerpt":{"rendered":"<p>How is your clinic different from others? At Auronovo Physical Therapy &amp; Rehabilitation, we understand the importance of physiotherapy in your recovery and we strive every day to give you the best of care you deserve. We believe that right from the time you enter our facility our time becomes your time and we spend [&hellip;]<\/p>\n","protected":false},"author":1,"featured_media":0,"parent":0,"menu_order":0,"comment_status":"closed","ping_status":"closed","template":"","meta":{"om_disable_all_campaigns":false,"_monsterinsights_skip_tracking":false,"_monsterinsights_sitenote_active":false,"_monsterinsights_sitenote_note":"","_monsterinsights_sitenote_category":0,"footnotes":""},"class_list":["post-7975","page","type-page","status-publish","hentry"],"acf":[],"aioseo_notices":[],"_links":{"self":[{"href":"https:\/\/auronovophysio.com\/es\/wp-json\/wp\/v2\/pages\/7975","targetHints":{"allow":["GET"]}}],"collection":[{"href":"https:\/\/auronovophysio.com\/es\/wp-json\/wp\/v2\/pages"}],"about":[{"href":"https:\/\/auronovophysio.com\/es\/wp-json\/wp\/v2\/types\/page"}],"author":[{"embeddable":true,"href":"https:\/\/auronovophysio.com\/es\/wp-json\/wp\/v2\/users\/1"}],"replies":[{"embeddable":true,"href":"https:\/\/auronovophysio.com\/es\/wp-json\/wp\/v2\/comments?post=7975"}],"version-history":[{"count":11,"href":"https:\/\/auronovophysio.com\/es\/wp-json\/wp\/v2\/pages\/7975\/revisions"}],"predecessor-version":[{"id":8779,"href":"https:\/\/auronovophysio.com\/es\/wp-json\/wp\/v2\/pages\/7975\/revisions\/8779"}],"wp:attachment":[{"href":"https:\/\/auronovophysio.com\/es\/wp-json\/wp\/v2\/media?parent=7975"}],"curies":[{"name":"wp","href":"https:\/\/api.w.org\/{rel}","templated":true}]}}