{"id":3,"date":"2022-11-02T20:25:13","date_gmt":"2022-11-02T20:25:13","guid":{"rendered":"https:\/\/auronovophysio.com\/?page_id=3"},"modified":"2023-01-17T04:09:43","modified_gmt":"2023-01-17T04:09:43","slug":"privacy-policy","status":"publish","type":"page","link":"https:\/\/auronovophysio.com\/es\/privacy-policy\/","title":{"rendered":"pol\u00edtica de privacidad"},"content":{"rendered":"<p>Lea atentamente nuestra pol\u00edtica de privacidad para comprender claramente c\u00f3mo Auronovo Physical Therapy &amp; Rehab recopila, usa, protege o maneja la informaci\u00f3n personal de los usuarios (suya) de acuerdo con PIPEDA.<\/p>\n\n\n\n<h2 class=\"wp-block-heading\">\u00bfQu\u00e9 informaci\u00f3n personal recopilamos de las personas que visitan nuestro blog, sitio web o aplicaci\u00f3n?<\/h2>\n\n\n\n<p>Al realizar un pedido o registrarse en nuestro sitio, seg\u00fan corresponda, se le puede solicitar que ingrese su nombre, direcci\u00f3n de correo electr\u00f3nico, n\u00famero de tel\u00e9fono u otros detalles para ayudarlo con su experiencia.<\/p>\n\n\n\n<h2 class=\"wp-block-heading\">\u00bfCu\u00e1ndo recopilamos informaci\u00f3n?<\/h2>\n\n\n\n<p>Recopilamos informaci\u00f3n sobre usted cuando se registra en nuestro sitio, completa un formulario, usa el chat en vivo o ingresa informaci\u00f3n en nuestro sitio.<\/p>\n\n\n\n<h2 class=\"wp-block-heading\">\u00bfC\u00f3mo usamos su informaci\u00f3n?<\/h2>\n\n\n\n<p>Podemos usar la informaci\u00f3n que recopilamos de usted cuando se registra, realiza una compra, se suscribe a nuestro bolet\u00edn informativo, responde a una encuesta o comunicaci\u00f3n de marketing, navega por el sitio web o usa ciertas otras funciones del sitio de las siguientes maneras:<\/p>\n\n\n\n<ul class=\"wp-block-list\">\n<li>Para permitirnos brindarle un mejor servicio al responder a sus solicitudes de servicio al cliente.<\/li>\n\n\n\n<li>Para administrar un concurso, promoci\u00f3n, encuesta u otra caracter\u00edstica del sitio.<\/li>\n\n\n\n<li>Para solicitar calificaciones y rese\u00f1as de servicios o productos<\/li>\n\n\n\n<li>Para hacer un seguimiento con ellos despu\u00e9s de la correspondencia (chat en vivo, correo electr\u00f3nico o consultas telef\u00f3nicas)<\/li>\n<\/ul>\n\n\n\n<h2 class=\"wp-block-heading\">\u00bfC\u00f3mo protegemos tu informaci\u00f3n?<\/h2>\n\n\n\n<p>Nuestro sitio web se escanea regularmente en busca de agujeros de seguridad y vulnerabilidades conocidas para que su visita a nuestro sitio sea lo m\u00e1s segura posible.<\/p>\n\n\n\n<h2 class=\"wp-block-heading\">Usamos escaneo de malware regular.<\/h2>\n\n\n\n<p>Su informaci\u00f3n personal est\u00e1 contenida detr\u00e1s de redes seguras y solo es accesible para un n\u00famero limitado de personas que tienen derechos especiales de acceso a dichos sistemas y est\u00e1n obligadas a mantener la informaci\u00f3n confidencial. Adem\u00e1s, toda la informaci\u00f3n crediticia\/confidencial que proporcione se cifra mediante la tecnolog\u00eda Secure Socket Layer (SSL).<\/p>\n\n\n\n<p>Implementamos una variedad de medidas de seguridad cuando un usuario ingresa, env\u00eda o accede a su informaci\u00f3n para mantener la seguridad de su informaci\u00f3n personal.<\/p>\n\n\n\n<p><strong>Todas las transacciones se procesan a trav\u00e9s de un proveedor de puerta de enlace y no se almacenan ni procesan en nuestros servidores.<\/strong><\/p>\n\n\n\n<h2 class=\"wp-block-heading\">\u00bfUtilizamos &#039;cookies&#039;?<\/h2>\n\n\n\n<p>S\u00ed. Las cookies son peque\u00f1os archivos que un sitio o su proveedor de servicios transfiere al disco duro de su computadora a trav\u00e9s de su navegador web (si lo permite) que permite que los sistemas del sitio o del proveedor de servicios reconozcan su navegador y capturen y recuerden cierta informaci\u00f3n. Por ejemplo, usamos cookies para ayudarnos a recordar y procesar los art\u00edculos en su carrito de compras. Tambi\u00e9n se utilizan para ayudarnos a comprender sus preferencias en funci\u00f3n de la actividad anterior o actual del sitio, lo que nos permite brindarle servicios mejorados. Tambi\u00e9n usamos cookies para ayudarnos a recopilar datos agregados sobre el tr\u00e1fico del sitio y la interacci\u00f3n del sitio para que podamos ofrecer mejores experiencias y herramientas en el futuro.<\/p>\n\n\n\n<h2 class=\"wp-block-heading\">Usamos cookies para:<\/h2>\n\n\n\n<p>Comprender y guardar las preferencias del usuario para futuras visitas.<\/p>\n\n\n\n<p>Compile datos agregados sobre el tr\u00e1fico del sitio y las interacciones del sitio para ofrecer mejores experiencias y herramientas en el futuro. Tambi\u00e9n podemos utilizar servicios de terceros de confianza que rastrean esta informaci\u00f3n en nuestro nombre.<\/p>\n\n\n\n<p>Puede elegir que su computadora le avise cada vez que se env\u00eda una cookie, o puede optar por desactivar todas las cookies. Usted hace esto a trav\u00e9s de la configuraci\u00f3n de su navegador. Dado que su navegador es un poco diferente, consulte el men\u00fa de ayuda de su navegador para conocer la forma correcta de modificar sus cookies.<\/p>\n\n\n\n<p>Si desactiva las cookies, no afectar\u00e1 la experiencia del usuario.<\/p>\n\n\n\n<h2 class=\"wp-block-heading\">Divulgaci\u00f3n de terceros<\/h2>\n\n\n\n<p>No vendemos, intercambiamos ni transferimos de otro modo a terceros su informaci\u00f3n de identificaci\u00f3n personal.<br>Enlaces de terceros<\/p>\n\n\n\n<p>Ocasionalmente, a nuestra discreci\u00f3n, podemos incluir u ofrecer productos o servicios de terceros en nuestro sitio web. Estos sitios de terceros tienen pol\u00edticas de privacidad separadas e independientes. Por lo tanto, no tenemos ninguna responsabilidad por el contenido y las actividades de estos sitios vinculados. No obstante, buscamos proteger la integridad de nuestro sitio y agradecemos cualquier comentario sobre estos sitios.<\/p>\n\n\n\n<h2 class=\"wp-block-heading\"><strong>Google<\/strong><\/h2>\n\n\n\n<p>Los requisitos publicitarios de Google pueden resumirse en los Principios publicitarios de Google. Se implementan para proporcionar una experiencia positiva a los usuarios.<\/p>\n\n\n\n<p><a href=\"https:\/\/support.google.com\/adwordspolicy\/answer\/1316548?hl=en\" target=\"_blank\" rel=\"noreferrer noopener\">https:\/\/support.google.com\/adwordspolicy\/answer\/1316548?hl=en<\/a><\/p>\n\n\n\n<p>Google, como proveedor externo, utiliza cookies para publicar anuncios en nuestro sitio. El uso de Google de la cookie DART le permite mostrar anuncios a nuestros usuarios en funci\u00f3n de visitas anteriores a nuestro sitio y otros sitios en Internet. Los usuarios pueden rechazar el uso de la cookie de DART visitando la pol\u00edtica de privacidad de Google Ad and Content Network.<\/p>\n\n\n\n<h2 class=\"wp-block-heading\">Hemos implementado lo siguiente:<\/h2>\n\n\n\n<p>Nosotros, junto con proveedores externos como Google, utilizamos cookies propias (como las cookies de Google Analytics) y cookies de terceros (como la cookie de DoubleClick) u otros identificadores de terceros para recopilar datos sobre las interacciones del usuario con impresiones de anuncios y otras funciones del servicio de anuncios en relaci\u00f3n con nuestro sitio web.<\/p>\n\n\n\n<p><strong>Optar por no participar<\/strong><\/p>\n\n\n\n<p>Los usuarios pueden establecer preferencias sobre c\u00f3mo Google le anuncia mediante la p\u00e1gina Configuraci\u00f3n de anuncios de Google. Alternativamente, puede optar por no participar visitando la p\u00e1gina de Opt-Out de Network Advertising Initiative o utilizando el complemento de Google Analytics Opt-Out Browser.<\/p>\n\n\n\n<p><strong>Los usuarios pueden visitar nuestro sitio de forma an\u00f3nima.<\/strong><\/p>\n\n\n\n<p>Una vez que se crea esta pol\u00edtica de privacidad, agregaremos un enlace en nuestra p\u00e1gina de inicio o, como m\u00ednimo, en la primera p\u00e1gina significativa despu\u00e9s de ingresar a nuestro sitio web.<br>El enlace de nuestra Pol\u00edtica de privacidad incluye la palabra &quot;Privacidad&quot; y se puede encontrar f\u00e1cilmente en la p\u00e1gina especificada anteriormente.<\/p>\n\n\n\n<h2 class=\"wp-block-heading\">Se le notificar\u00e1 de cualquier cambio en la Pol\u00edtica de privacidad:<\/h2>\n\n\n\n<p><strong>En nuestra p\u00e1gina de Pol\u00edtica de privacidad Puede cambiar su informaci\u00f3n personal:<\/strong><\/p>\n\n\n\n<h2 class=\"wp-block-heading\">Envi\u00e1ndonos un correo electr\u00f3nico<\/h2>\n\n\n\n<p>\u00bfC\u00f3mo maneja nuestro sitio las se\u00f1ales de No rastrear?<\/p>\n\n\n\n<p>Respetamos las se\u00f1ales de No rastrear y No rastrear, plantar cookies o usar publicidad cuando se implementa un mecanismo de navegador No rastrear (DNT).<br>\u00bfNuestro sitio permite el seguimiento del comportamiento de terceros?<\/p>\n\n\n\n<p>Tambi\u00e9n es importante tener en cuenta que no permitimos el seguimiento del comportamiento de terceros.<\/p>\n\n\n\n<p><strong>Dentro de 7 d\u00edas h\u00e1biles<\/strong><\/p>\n\n\n\n<p>Tambi\u00e9n estamos de acuerdo con el Principio de reparaci\u00f3n individual que exige que las personas tengan derecho a ejercer legalmente derechos exigibles contra los recopiladores y procesadores de datos que no cumplan con la ley. Este principio requiere no solo que las personas tengan derechos exigibles contra los usuarios de datos, sino tambi\u00e9n que las personas puedan recurrir a los tribunales o agencias gubernamentales para investigar y\/o enjuiciar el incumplimiento por parte de los procesadores de datos.<\/p>\n\n\n\n<p><strong>Recopilamos su direcci\u00f3n de correo electr\u00f3nico para:<\/strong><\/p>\n\n\n\n<p>Enviar informaci\u00f3n, responder consultas y\/u otras solicitudes o preguntas<br>Comercialice a nuestra lista de correo o contin\u00fae enviando correos electr\u00f3nicos a nuestros clientes despu\u00e9s de que se haya producido la transacci\u00f3n original.<\/p>\n\n\n\n<h2 class=\"wp-block-heading\">Auronovo Physical Therapy &amp; Rehab acepta los siguientes principios de privacidad:<\/h2>\n\n\n\n<ul class=\"wp-block-list\">\n<li>No utilizar asuntos o direcciones de correo electr\u00f3nico falsos o enga\u00f1osos.<\/li>\n\n\n\n<li>Identifique el mensaje como un anuncio de alguna manera razonable.<\/li>\n\n\n\n<li>Incluya la direcci\u00f3n f\u00edsica de nuestra sede comercial o del sitio.<\/li>\n\n\n\n<li>Supervise el cumplimiento de los servicios de marketing por correo electr\u00f3nico de terceros, si se utiliza uno.<\/li>\n\n\n\n<li>Respete las solicitudes de exclusi\u00f3n\/cancelaci\u00f3n de suscripci\u00f3n r\u00e1pidamente.<\/li>\n\n\n\n<li>Permita que los usuarios se den de baja usando el enlace que se encuentra en la parte inferior de cada correo electr\u00f3nico.<\/li>\n<\/ul>\n\n\n\n<p>Si en alg\u00fan momento desea darse de baja de recibir futuros correos electr\u00f3nicos, puede enviarnos un correo electr\u00f3nico al correo electr\u00f3nico a continuaci\u00f3n.<br>Siga las instrucciones en la parte inferior de cada correo electr\u00f3nico y lo eliminaremos de inmediato de TODA la correspondencia.<\/p>\n\n\n\n<p><\/p>","protected":false},"excerpt":{"rendered":"<p>Please read our privacy policy carefully to get a clear understanding of how Auronovo Physical Therapy &amp; Rehab collects, uses, protects or otherwise handles users\u2019 (yours) personal information in accordance with PIPEDA. What personal information do we collect from the people that visit our blog, website or app? When ordering or registering on our site, [&hellip;]<\/p>\n","protected":false},"author":1,"featured_media":0,"parent":0,"menu_order":0,"comment_status":"closed","ping_status":"open","template":"","meta":{"om_disable_all_campaigns":false,"_monsterinsights_skip_tracking":false,"_monsterinsights_sitenote_active":false,"_monsterinsights_sitenote_note":"","_monsterinsights_sitenote_category":0,"footnotes":""},"class_list":["post-3","page","type-page","status-publish","hentry"],"acf":[],"aioseo_notices":[],"_links":{"self":[{"href":"https:\/\/auronovophysio.com\/es\/wp-json\/wp\/v2\/pages\/3","targetHints":{"allow":["GET"]}}],"collection":[{"href":"https:\/\/auronovophysio.com\/es\/wp-json\/wp\/v2\/pages"}],"about":[{"href":"https:\/\/auronovophysio.com\/es\/wp-json\/wp\/v2\/types\/page"}],"author":[{"embeddable":true,"href":"https:\/\/auronovophysio.com\/es\/wp-json\/wp\/v2\/users\/1"}],"replies":[{"embeddable":true,"href":"https:\/\/auronovophysio.com\/es\/wp-json\/wp\/v2\/comments?post=3"}],"version-history":[{"count":1,"href":"https:\/\/auronovophysio.com\/es\/wp-json\/wp\/v2\/pages\/3\/revisions"}],"predecessor-version":[{"id":8324,"href":"https:\/\/auronovophysio.com\/es\/wp-json\/wp\/v2\/pages\/3\/revisions\/8324"}],"wp:attachment":[{"href":"https:\/\/auronovophysio.com\/es\/wp-json\/wp\/v2\/media?parent=3"}],"curies":[{"name":"wp","href":"https:\/\/api.w.org\/{rel}","templated":true}]}}